{"id":13343,"date":"2024-07-30T14:35:54","date_gmt":"2024-07-30T11:35:54","guid":{"rendered":"https:\/\/raktava.lt\/?post_type=product&#038;p=13343"},"modified":"2025-01-24T12:39:30","modified_gmt":"2025-01-24T10:39:30","slug":"galvute-smugine-6-kampe-prailginta-1-2-18mm","status":"publish","type":"product","link":"https:\/\/raktava.lt\/en\/product\/rankiniai-irankiai\/galvutes-galvuciu-komplektai-laikikliai-galvutems\/1-2-galvutes-smugines\/galvute-smugine-6-kampe-prailginta-1-2-18mm\/","title":{"rendered":"Galvut\u0117 sm\u016bgin\u0117 6-kamp\u0117 prailginta 1\/2 18mm"},"content":{"rendered":"","protected":false},"excerpt":{"rendered":"<p>Galvut\u0117 sm\u016bgin\u0117 6-kamp\u0117 prailginta 1\/2 18mm<\/p>\n","protected":false},"featured_media":13341,"comment_status":"open","ping_status":"closed","template":"","meta":[],"product_brand":[],"product_cat":[46],"product_tag":[153],"class_list":{"0":"post-13343","1":"product","2":"type-product","3":"status-publish","4":"has-post-thumbnail","6":"product_cat-1-2-galvutes-smugines","7":"product_tag-sata","9":"first","10":"instock","11":"taxable","12":"shipping-taxable","13":"purchasable","14":"product-type-simple"},"_links":{"self":[{"href":"https:\/\/raktava.lt\/en\/wp-json\/wp\/v2\/product\/13343","targetHints":{"allow":["GET"]}}],"collection":[{"href":"https:\/\/raktava.lt\/en\/wp-json\/wp\/v2\/product"}],"about":[{"href":"https:\/\/raktava.lt\/en\/wp-json\/wp\/v2\/types\/product"}],"replies":[{"embeddable":true,"href":"https:\/\/raktava.lt\/en\/wp-json\/wp\/v2\/comments?post=13343"}],"version-history":[{"count":2,"href":"https:\/\/raktava.lt\/en\/wp-json\/wp\/v2\/product\/13343\/revisions"}],"predecessor-version":[{"id":16013,"href":"https:\/\/raktava.lt\/en\/wp-json\/wp\/v2\/product\/13343\/revisions\/16013"}],"wp:featuredmedia":[{"embeddable":true,"href":"https:\/\/raktava.lt\/en\/wp-json\/wp\/v2\/media\/13341"}],"wp:attachment":[{"href":"https:\/\/raktava.lt\/en\/wp-json\/wp\/v2\/media?parent=13343"}],"wp:term":[{"taxonomy":"product_brand","embeddable":true,"href":"https:\/\/raktava.lt\/en\/wp-json\/wp\/v2\/product_brand?post=13343"},{"taxonomy":"product_cat","embeddable":true,"href":"https:\/\/raktava.lt\/en\/wp-json\/wp\/v2\/product_cat?post=13343"},{"taxonomy":"product_tag","embeddable":true,"href":"https:\/\/raktava.lt\/en\/wp-json\/wp\/v2\/product_tag?post=13343"}],"curies":[{"name":"wp","href":"https:\/\/api.w.org\/{rel}","templated":true}]}}