{"id":13306,"date":"2024-07-30T13:23:35","date_gmt":"2024-07-30T10:23:35","guid":{"rendered":"https:\/\/raktava.lt\/?post_type=product&#038;p=13306"},"modified":"2025-09-25T13:19:31","modified_gmt":"2025-09-25T10:19:31","slug":"stabdziu-suportu-sustumeju-rinkinys-su-kairiniu-ir-desininiu-sriegiu","status":"publish","type":"product","link":"https:\/\/raktava.lt\/en\/product\/automobiliu-remonto-irankiai\/vaziuokles-remonto-irankiai\/stabdziu-remonto-irankiai\/stabdziu-suportu-sustumeju-rinkinys-su-kairiniu-ir-desininiu-sriegiu\/","title":{"rendered":"Stabd\u017ei\u0173 suport\u0173 sust\u016bm\u0117j\u0173 rinkinys su kairiniu ir de\u0161ininiu sriegiu"},"content":{"rendered":"","protected":false},"excerpt":{"rendered":"<p>Stabd\u017ei\u0173 suport\u0173 sust\u016bm\u0117j\u0173 rinkinys su kairiniu ir de\u0161ininiu sriegiu<\/p>\n","protected":false},"featured_media":13309,"comment_status":"open","ping_status":"closed","template":"","meta":[],"product_brand":[560],"product_cat":[64],"product_tag":[631],"class_list":{"0":"post-13306","1":"product","2":"type-product","3":"status-publish","4":"has-post-thumbnail","6":"product_brand-essen-tools-germany","7":"product_cat-stabdziu-remonto-irankiai","8":"product_tag-stabdziu-sistemos-irankiai","10":"first","11":"outofstock","12":"taxable","13":"shipping-taxable","14":"purchasable","15":"product-type-simple"},"_links":{"self":[{"href":"https:\/\/raktava.lt\/en\/wp-json\/wp\/v2\/product\/13306","targetHints":{"allow":["GET"]}}],"collection":[{"href":"https:\/\/raktava.lt\/en\/wp-json\/wp\/v2\/product"}],"about":[{"href":"https:\/\/raktava.lt\/en\/wp-json\/wp\/v2\/types\/product"}],"replies":[{"embeddable":true,"href":"https:\/\/raktava.lt\/en\/wp-json\/wp\/v2\/comments?post=13306"}],"version-history":[{"count":1,"href":"https:\/\/raktava.lt\/en\/wp-json\/wp\/v2\/product\/13306\/revisions"}],"predecessor-version":[{"id":13315,"href":"https:\/\/raktava.lt\/en\/wp-json\/wp\/v2\/product\/13306\/revisions\/13315"}],"wp:featuredmedia":[{"embeddable":true,"href":"https:\/\/raktava.lt\/en\/wp-json\/wp\/v2\/media\/13309"}],"wp:attachment":[{"href":"https:\/\/raktava.lt\/en\/wp-json\/wp\/v2\/media?parent=13306"}],"wp:term":[{"taxonomy":"product_brand","embeddable":true,"href":"https:\/\/raktava.lt\/en\/wp-json\/wp\/v2\/product_brand?post=13306"},{"taxonomy":"product_cat","embeddable":true,"href":"https:\/\/raktava.lt\/en\/wp-json\/wp\/v2\/product_cat?post=13306"},{"taxonomy":"product_tag","embeddable":true,"href":"https:\/\/raktava.lt\/en\/wp-json\/wp\/v2\/product_tag?post=13306"}],"curies":[{"name":"wp","href":"https:\/\/api.w.org\/{rel}","templated":true}]}}