{"id":13290,"date":"2024-07-30T12:55:37","date_gmt":"2024-07-30T09:55:37","guid":{"rendered":"https:\/\/raktava.lt\/?post_type=product&#038;p=13290"},"modified":"2026-01-28T14:47:13","modified_gmt":"2026-01-28T12:47:13","slug":"universalus-guoliu-istraukejas","status":"publish","type":"product","link":"https:\/\/raktava.lt\/en\/product\/automobiliu-remonto-irankiai\/irankiai-nuemimui\/guoliu-ivoriu-nuemimo-komplektai\/universalus-guoliu-istraukejas\/","title":{"rendered":"Universalus guoli\u0173 i\u0161trauk\u0117jas"},"content":{"rendered":"","protected":false},"excerpt":{"rendered":"<p>Universalus guoli\u0173 i\u0161trauk\u0117jas<\/p>\n","protected":false},"featured_media":13291,"comment_status":"open","ping_status":"closed","template":"","meta":[],"product_brand":[563],"product_cat":[113],"product_tag":[940,941,942],"class_list":{"0":"post-13290","1":"product","2":"type-product","3":"status-publish","4":"has-post-thumbnail","6":"product_brand-yato","7":"product_cat-guoliu-ivoriu-nuemimo-komplektai","8":"product_tag-guoliu-istraukejas","9":"product_tag-universalus-guoliu-istraukejas","10":"product_tag-yt-06412","12":"first","13":"instock","14":"taxable","15":"shipping-taxable","16":"purchasable","17":"product-type-simple"},"_links":{"self":[{"href":"https:\/\/raktava.lt\/en\/wp-json\/wp\/v2\/product\/13290","targetHints":{"allow":["GET"]}}],"collection":[{"href":"https:\/\/raktava.lt\/en\/wp-json\/wp\/v2\/product"}],"about":[{"href":"https:\/\/raktava.lt\/en\/wp-json\/wp\/v2\/types\/product"}],"replies":[{"embeddable":true,"href":"https:\/\/raktava.lt\/en\/wp-json\/wp\/v2\/comments?post=13290"}],"version-history":[{"count":1,"href":"https:\/\/raktava.lt\/en\/wp-json\/wp\/v2\/product\/13290\/revisions"}],"predecessor-version":[{"id":13305,"href":"https:\/\/raktava.lt\/en\/wp-json\/wp\/v2\/product\/13290\/revisions\/13305"}],"wp:featuredmedia":[{"embeddable":true,"href":"https:\/\/raktava.lt\/en\/wp-json\/wp\/v2\/media\/13291"}],"wp:attachment":[{"href":"https:\/\/raktava.lt\/en\/wp-json\/wp\/v2\/media?parent=13290"}],"wp:term":[{"taxonomy":"product_brand","embeddable":true,"href":"https:\/\/raktava.lt\/en\/wp-json\/wp\/v2\/product_brand?post=13290"},{"taxonomy":"product_cat","embeddable":true,"href":"https:\/\/raktava.lt\/en\/wp-json\/wp\/v2\/product_cat?post=13290"},{"taxonomy":"product_tag","embeddable":true,"href":"https:\/\/raktava.lt\/en\/wp-json\/wp\/v2\/product_tag?post=13290"}],"curies":[{"name":"wp","href":"https:\/\/api.w.org\/{rel}","templated":true}]}}