{"id":13281,"date":"2024-07-30T10:22:41","date_gmt":"2024-07-30T07:22:41","guid":{"rendered":"https:\/\/raktava.lt\/?post_type=product&#038;p=13281"},"modified":"2025-10-13T16:18:14","modified_gmt":"2025-10-13T13:18:14","slug":"sarnyro-nuemejas","status":"publish","type":"product","link":"https:\/\/raktava.lt\/en\/product\/automobiliu-remonto-irankiai\/irankiai-nuemimui\/sarnyru-traukiu-antgaliu-nuemikliai\/sarnyro-nuemejas\/","title":{"rendered":"\u0160arnyro nu\u0117m\u0117jas"},"content":{"rendered":"","protected":false},"excerpt":{"rendered":"<p>\u0160arnyro nu\u0117m\u0117jas, darbinis plotis 30mm<\/p>\n","protected":false},"featured_media":13282,"comment_status":"open","ping_status":"closed","template":"","meta":[],"product_brand":[560],"product_cat":[163],"product_tag":[693,1468],"class_list":{"0":"post-13281","1":"product","2":"type-product","3":"status-publish","4":"has-post-thumbnail","6":"product_brand-essen-tools-germany","7":"product_cat-sarnyru-traukiu-antgaliu-nuemikliai","8":"product_tag-sarnyru-nuemejas","9":"product_tag-sk030b","11":"first","12":"outofstock","13":"taxable","14":"shipping-taxable","15":"purchasable","16":"product-type-simple"},"_links":{"self":[{"href":"https:\/\/raktava.lt\/en\/wp-json\/wp\/v2\/product\/13281","targetHints":{"allow":["GET"]}}],"collection":[{"href":"https:\/\/raktava.lt\/en\/wp-json\/wp\/v2\/product"}],"about":[{"href":"https:\/\/raktava.lt\/en\/wp-json\/wp\/v2\/types\/product"}],"replies":[{"embeddable":true,"href":"https:\/\/raktava.lt\/en\/wp-json\/wp\/v2\/comments?post=13281"}],"version-history":[{"count":1,"href":"https:\/\/raktava.lt\/en\/wp-json\/wp\/v2\/product\/13281\/revisions"}],"predecessor-version":[{"id":13288,"href":"https:\/\/raktava.lt\/en\/wp-json\/wp\/v2\/product\/13281\/revisions\/13288"}],"wp:featuredmedia":[{"embeddable":true,"href":"https:\/\/raktava.lt\/en\/wp-json\/wp\/v2\/media\/13282"}],"wp:attachment":[{"href":"https:\/\/raktava.lt\/en\/wp-json\/wp\/v2\/media?parent=13281"}],"wp:term":[{"taxonomy":"product_brand","embeddable":true,"href":"https:\/\/raktava.lt\/en\/wp-json\/wp\/v2\/product_brand?post=13281"},{"taxonomy":"product_cat","embeddable":true,"href":"https:\/\/raktava.lt\/en\/wp-json\/wp\/v2\/product_cat?post=13281"},{"taxonomy":"product_tag","embeddable":true,"href":"https:\/\/raktava.lt\/en\/wp-json\/wp\/v2\/product_tag?post=13281"}],"curies":[{"name":"wp","href":"https:\/\/api.w.org\/{rel}","templated":true}]}}