{"id":13252,"date":"2024-07-30T09:16:05","date_gmt":"2024-07-30T06:16:05","guid":{"rendered":"https:\/\/raktava.lt\/?post_type=product&#038;p=13252"},"modified":"2026-02-02T11:49:11","modified_gmt":"2026-02-02T09:49:11","slug":"galiniu-sailentbloku-presavimo-irankis-ford-mazda-volvo","status":"publish","type":"product","link":"https:\/\/raktava.lt\/en\/product\/automobiliu-remonto-irankiai\/vaziuokles-remonto-irankiai\/guoliu-sailentbloku-presavimo-irankiai\/galiniu-sailentbloku-presavimo-irankis-ford-mazda-volvo\/","title":{"rendered":"Galini\u0173 sailentblok\u0173 presavimo \u012frankis (Ford, Mazda, Volvo)"},"content":{"rendered":"<p><span class=\"Y2IQFc\" lang=\"lt\">Galini\u0173 svirties \u012fvori\u0173 i\u0161montavimui ir surinkimui nu\u0117mimas ir montavimas gali b\u016bti atliekamas tiesiai ant automobilio tinka \u0161iems modeliams:<\/span><\/p>\n<p><span class=\"Y2IQFc\" lang=\"lt\">Ford Focus MKI (as of 1998 &#8211; 2007), MKII (as of 2007 &#8211; 2012), Kuga (as of 2008 &#8211; 2012), C-Max (as of 2003 &#8211; 2007)<br \/>\nMazda BK (as of. 2005 &#8211; 2009), CR (as of 2005 &#8211; 2010)<br \/>\nVolvo V50 (as of 2004 &#8211; 2012), S40 (as of 2003 &#8211; 2012)<br \/>\nTechnical data<br \/>\nGross weight 5064 g<\/span><\/p>\n","protected":false},"excerpt":{"rendered":"<p>Galini\u0173 sailentblok\u0173 presavimo \u012frankis (Ford, Mazda, Volvo)<\/p>\n","protected":false},"featured_media":13253,"comment_status":"open","ping_status":"closed","template":"","meta":[],"product_brand":[571],"product_cat":[103],"product_tag":[688],"class_list":{"0":"post-13252","1":"product","2":"type-product","3":"status-publish","4":"has-post-thumbnail","6":"product_brand-bgs-technic-germany","7":"product_cat-guoliu-sailentbloku-presavimo-irankiai","8":"product_tag-guoliu-presavimas","10":"first","11":"outofstock","12":"taxable","13":"shipping-taxable","14":"purchasable","15":"product-type-simple"},"_links":{"self":[{"href":"https:\/\/raktava.lt\/en\/wp-json\/wp\/v2\/product\/13252","targetHints":{"allow":["GET"]}}],"collection":[{"href":"https:\/\/raktava.lt\/en\/wp-json\/wp\/v2\/product"}],"about":[{"href":"https:\/\/raktava.lt\/en\/wp-json\/wp\/v2\/types\/product"}],"replies":[{"embeddable":true,"href":"https:\/\/raktava.lt\/en\/wp-json\/wp\/v2\/comments?post=13252"}],"version-history":[{"count":2,"href":"https:\/\/raktava.lt\/en\/wp-json\/wp\/v2\/product\/13252\/revisions"}],"predecessor-version":[{"id":13264,"href":"https:\/\/raktava.lt\/en\/wp-json\/wp\/v2\/product\/13252\/revisions\/13264"}],"wp:featuredmedia":[{"embeddable":true,"href":"https:\/\/raktava.lt\/en\/wp-json\/wp\/v2\/media\/13253"}],"wp:attachment":[{"href":"https:\/\/raktava.lt\/en\/wp-json\/wp\/v2\/media?parent=13252"}],"wp:term":[{"taxonomy":"product_brand","embeddable":true,"href":"https:\/\/raktava.lt\/en\/wp-json\/wp\/v2\/product_brand?post=13252"},{"taxonomy":"product_cat","embeddable":true,"href":"https:\/\/raktava.lt\/en\/wp-json\/wp\/v2\/product_cat?post=13252"},{"taxonomy":"product_tag","embeddable":true,"href":"https:\/\/raktava.lt\/en\/wp-json\/wp\/v2\/product_tag?post=13252"}],"curies":[{"name":"wp","href":"https:\/\/api.w.org\/{rel}","templated":true}]}}