{"id":13223,"date":"2024-07-29T11:53:57","date_gmt":"2024-07-29T08:53:57","guid":{"rendered":"https:\/\/raktava.lt\/?post_type=product&#038;p=13223"},"modified":"2025-11-04T14:13:15","modified_gmt":"2025-11-04T12:13:15","slug":"stabdziu-sistemos-nuorinimo-irankiai","status":"publish","type":"product","link":"https:\/\/raktava.lt\/en\/product\/automobiliu-remonto-irankiai\/vaziuokles-remonto-irankiai\/stabdziu-remonto-irankiai\/stabdziu-sistemos-nuorinimo-irankiai\/","title":{"rendered":"Stabd\u017ei\u0173 sistemos nuorinimo \u012frankiai"},"content":{"rendered":"<p>Works with your air compressor to completely flush and refill the brake system on most vehicles.<br \/>\n1.Convenient one-person operation<br \/>\n2.Flush and refill entire brake system<br \/>\n3.Use only DOT certified brake fluid<br \/>\nCapacity: 34 oz., Adapter sizes: 21 to 30mm, 24 to 32mm, 28 to 37mm and 32 to 41mm<br \/>\nAir requirement: 90 to 120 PSI, Air inlet: 1\/4&#8242;- 18 NPT<br \/>\nShipping Weight: 1.90 lbs.<\/p>\n","protected":false},"excerpt":{"rendered":"<p>Stabd\u017ei\u0173 sistemos nuorinimo \u012frankiai<\/p>\n","protected":false},"featured_media":13224,"comment_status":"open","ping_status":"closed","template":"","meta":[],"product_brand":[560],"product_cat":[64],"product_tag":[630,1331,631],"class_list":{"0":"post-13223","1":"product","2":"type-product","3":"status-publish","4":"has-post-thumbnail","6":"product_brand-essen-tools-germany","7":"product_cat-stabdziu-remonto-irankiai","8":"product_tag-nuorinimo-irankiai","9":"product_tag-sk92924","10":"product_tag-stabdziu-sistemos-irankiai","12":"first","13":"instock","14":"taxable","15":"shipping-taxable","16":"purchasable","17":"product-type-simple"},"_links":{"self":[{"href":"https:\/\/raktava.lt\/en\/wp-json\/wp\/v2\/product\/13223","targetHints":{"allow":["GET"]}}],"collection":[{"href":"https:\/\/raktava.lt\/en\/wp-json\/wp\/v2\/product"}],"about":[{"href":"https:\/\/raktava.lt\/en\/wp-json\/wp\/v2\/types\/product"}],"replies":[{"embeddable":true,"href":"https:\/\/raktava.lt\/en\/wp-json\/wp\/v2\/comments?post=13223"}],"version-history":[{"count":1,"href":"https:\/\/raktava.lt\/en\/wp-json\/wp\/v2\/product\/13223\/revisions"}],"predecessor-version":[{"id":13242,"href":"https:\/\/raktava.lt\/en\/wp-json\/wp\/v2\/product\/13223\/revisions\/13242"}],"wp:featuredmedia":[{"embeddable":true,"href":"https:\/\/raktava.lt\/en\/wp-json\/wp\/v2\/media\/13224"}],"wp:attachment":[{"href":"https:\/\/raktava.lt\/en\/wp-json\/wp\/v2\/media?parent=13223"}],"wp:term":[{"taxonomy":"product_brand","embeddable":true,"href":"https:\/\/raktava.lt\/en\/wp-json\/wp\/v2\/product_brand?post=13223"},{"taxonomy":"product_cat","embeddable":true,"href":"https:\/\/raktava.lt\/en\/wp-json\/wp\/v2\/product_cat?post=13223"},{"taxonomy":"product_tag","embeddable":true,"href":"https:\/\/raktava.lt\/en\/wp-json\/wp\/v2\/product_tag?post=13223"}],"curies":[{"name":"wp","href":"https:\/\/api.w.org\/{rel}","templated":true}]}}