{"id":13211,"date":"2024-07-29T11:38:09","date_gmt":"2024-07-29T08:38:09","guid":{"rendered":"https:\/\/raktava.lt\/?post_type=product&#038;p=13211"},"modified":"2024-09-13T12:04:23","modified_gmt":"2024-09-13T09:04:23","slug":"stabdziu-skysciu-nuorinimo-irankis-orinis-oras-is-rato","status":"publish","type":"product","link":"https:\/\/raktava.lt\/en\/product\/automobiliu-remonto-irankiai\/vaziuokles-remonto-irankiai\/stabdziu-remonto-irankiai\/stabdziu-skysciu-nuorinimo-irankis-orinis-oras-is-rato\/","title":{"rendered":"Stabd\u017ei\u0173 skys\u010di\u0173 nuorinimo \u012frankis orinis (oras i\u0161 rato)"},"content":{"rendered":"<pre id=\"tw-target-text\" class=\"tw-data-text tw-text-large tw-ta\" dir=\"ltr\" data-placeholder=\"Vertimas\" aria-label=\"I\u0161verstas tekstas\" data-ved=\"2ahUKEwiPk5fw68uHAxXqS_EDHQslLNcQ3ewLegQIBRAU\"><span class=\"Y2IQFc\" lang=\"lt\">Naudodami oro sl\u0117g\u012f i\u0161 atsarginio rato, be vargo i\u0161tu\u0161tinsite bet kuri\u0105 hidraulin\u0119 sistem\u0105.\r\n\r\nButelis\r\n5 x guminiai tarpikliai\r\nDangtelio surinkimas su padangos jungtimi\r\n4 x plastikiniai dangteliai: 25, 27, 44\/45, 46 mm\r\n3 x \u017earnos: 3,5 mm vidinis skersmuo x 303 mm, 5,4 mm vidinis skersmuo x 303 mm, 5,4 mm vidinis skersmuo x 183 mm<\/span><\/pre>\n","protected":false},"excerpt":{"rendered":"<p>Stabd\u017ei\u0173 skys\u010di\u0173 nuorinimo \u012frankis orinis (oras i\u0161 rato)<\/p>\n<p>Greitas ir lengvas stabd\u017ei\u0173 nuorinimas panaudojant rato padangos or\u0105<\/p>\n","protected":false},"featured_media":13212,"comment_status":"open","ping_status":"closed","template":"","meta":[],"product_brand":[],"product_cat":[64],"product_tag":[216],"class_list":{"0":"post-13211","1":"product","2":"type-product","3":"status-publish","4":"has-post-thumbnail","6":"product_cat-stabdziu-remonto-irankiai","7":"product_tag-essen-toolsgermany","9":"first","10":"outofstock","11":"taxable","12":"shipping-taxable","13":"purchasable","14":"product-type-simple"},"_links":{"self":[{"href":"https:\/\/raktava.lt\/en\/wp-json\/wp\/v2\/product\/13211","targetHints":{"allow":["GET"]}}],"collection":[{"href":"https:\/\/raktava.lt\/en\/wp-json\/wp\/v2\/product"}],"about":[{"href":"https:\/\/raktava.lt\/en\/wp-json\/wp\/v2\/types\/product"}],"replies":[{"embeddable":true,"href":"https:\/\/raktava.lt\/en\/wp-json\/wp\/v2\/comments?post=13211"}],"version-history":[{"count":1,"href":"https:\/\/raktava.lt\/en\/wp-json\/wp\/v2\/product\/13211\/revisions"}],"predecessor-version":[{"id":13222,"href":"https:\/\/raktava.lt\/en\/wp-json\/wp\/v2\/product\/13211\/revisions\/13222"}],"wp:featuredmedia":[{"embeddable":true,"href":"https:\/\/raktava.lt\/en\/wp-json\/wp\/v2\/media\/13212"}],"wp:attachment":[{"href":"https:\/\/raktava.lt\/en\/wp-json\/wp\/v2\/media?parent=13211"}],"wp:term":[{"taxonomy":"product_brand","embeddable":true,"href":"https:\/\/raktava.lt\/en\/wp-json\/wp\/v2\/product_brand?post=13211"},{"taxonomy":"product_cat","embeddable":true,"href":"https:\/\/raktava.lt\/en\/wp-json\/wp\/v2\/product_cat?post=13211"},{"taxonomy":"product_tag","embeddable":true,"href":"https:\/\/raktava.lt\/en\/wp-json\/wp\/v2\/product_tag?post=13211"}],"curies":[{"name":"wp","href":"https:\/\/api.w.org\/{rel}","templated":true}]}}