{"id":13204,"date":"2024-07-29T11:23:01","date_gmt":"2024-07-29T08:23:01","guid":{"rendered":"https:\/\/raktava.lt\/?post_type=product&#038;p=13204"},"modified":"2025-05-13T11:01:15","modified_gmt":"2025-05-13T08:01:15","slug":"vidiniu-guoliu-nuemejas-12-38-mm","status":"publish","type":"product","link":"https:\/\/raktava.lt\/en\/product\/automobiliu-remonto-irankiai\/irankiai-nuemimui\/guoliu-ivoriu-nuemimo-komplektai\/vidiniu-guoliu-nuemejas-12-38-mm\/","title":{"rendered":"Vidini\u0173 guoli\u0173 nu\u0117m\u0117jas 12-38 mm"},"content":{"rendered":"","protected":false},"excerpt":{"rendered":"<p>Vidini\u0173 guoli\u0173 nu\u0117m\u0117jas 12-38 mm<\/p>\n<p>\u00d8 (mm) 12-38<br \/>\nsvoris (g) 755<\/p>\n<p>EAN 5906083925108<\/p>\n","protected":false},"featured_media":13207,"comment_status":"open","ping_status":"closed","template":"","meta":[],"product_brand":[563],"product_cat":[113],"product_tag":[741],"class_list":{"0":"post-13204","1":"product","2":"type-product","3":"status-publish","4":"has-post-thumbnail","6":"product_brand-yato","7":"product_cat-guoliu-ivoriu-nuemimo-komplektai","8":"product_tag-nuemejas","10":"first","11":"instock","12":"taxable","13":"shipping-taxable","14":"purchasable","15":"product-type-simple"},"_links":{"self":[{"href":"https:\/\/raktava.lt\/en\/wp-json\/wp\/v2\/product\/13204","targetHints":{"allow":["GET"]}}],"collection":[{"href":"https:\/\/raktava.lt\/en\/wp-json\/wp\/v2\/product"}],"about":[{"href":"https:\/\/raktava.lt\/en\/wp-json\/wp\/v2\/types\/product"}],"replies":[{"embeddable":true,"href":"https:\/\/raktava.lt\/en\/wp-json\/wp\/v2\/comments?post=13204"}],"version-history":[{"count":2,"href":"https:\/\/raktava.lt\/en\/wp-json\/wp\/v2\/product\/13204\/revisions"}],"predecessor-version":[{"id":13210,"href":"https:\/\/raktava.lt\/en\/wp-json\/wp\/v2\/product\/13204\/revisions\/13210"}],"wp:featuredmedia":[{"embeddable":true,"href":"https:\/\/raktava.lt\/en\/wp-json\/wp\/v2\/media\/13207"}],"wp:attachment":[{"href":"https:\/\/raktava.lt\/en\/wp-json\/wp\/v2\/media?parent=13204"}],"wp:term":[{"taxonomy":"product_brand","embeddable":true,"href":"https:\/\/raktava.lt\/en\/wp-json\/wp\/v2\/product_brand?post=13204"},{"taxonomy":"product_cat","embeddable":true,"href":"https:\/\/raktava.lt\/en\/wp-json\/wp\/v2\/product_cat?post=13204"},{"taxonomy":"product_tag","embeddable":true,"href":"https:\/\/raktava.lt\/en\/wp-json\/wp\/v2\/product_tag?post=13204"}],"curies":[{"name":"wp","href":"https:\/\/api.w.org\/{rel}","templated":true}]}}