{"id":13126,"date":"2024-07-26T09:31:29","date_gmt":"2024-07-26T06:31:29","guid":{"rendered":"https:\/\/raktava.lt\/?post_type=product&#038;p=13126"},"modified":"2026-03-23T14:17:06","modified_gmt":"2026-03-23T12:17:06","slug":"galvute-12-kampe-1%e2%80%b3-65mm","status":"publish","type":"product","link":"https:\/\/raktava.lt\/en\/product\/rankiniai-irankiai\/galvutes-galvuciu-komplektai-laikikliai-galvutems\/1-galvutes\/galvute-12-kampe-1%e2%80%b3-65mm\/","title":{"rendered":"Galvut\u0117 12-kamp\u0117 1\u2033 65mm"},"content":{"rendered":"<p>Atitinka ISO 2725 DIN 3124 standart\u0105<br \/>\nAuk\u0161tos kokyb\u0117s chromo vanad\u017eio plienas<\/p>\n","protected":false},"excerpt":{"rendered":"<p>Galvut\u0117 12-kamp\u0117 1\u2033 65mm<\/p>\n","protected":false},"featured_media":13104,"comment_status":"open","ping_status":"closed","template":"","meta":[],"product_brand":[626],"product_cat":[180],"product_tag":[660,661,667],"class_list":{"0":"post-13126","1":"product","2":"type-product","3":"status-publish","4":"has-post-thumbnail","6":"product_brand-changlu","7":"product_cat-1-galvutes","8":"product_tag-galvute","9":"product_tag-galvutes","10":"product_tag-galvutes-dvylikakampes","12":"first","13":"outofstock","14":"taxable","15":"shipping-taxable","16":"purchasable","17":"product-type-simple"},"_links":{"self":[{"href":"https:\/\/raktava.lt\/en\/wp-json\/wp\/v2\/product\/13126","targetHints":{"allow":["GET"]}}],"collection":[{"href":"https:\/\/raktava.lt\/en\/wp-json\/wp\/v2\/product"}],"about":[{"href":"https:\/\/raktava.lt\/en\/wp-json\/wp\/v2\/types\/product"}],"replies":[{"embeddable":true,"href":"https:\/\/raktava.lt\/en\/wp-json\/wp\/v2\/comments?post=13126"}],"version-history":[{"count":3,"href":"https:\/\/raktava.lt\/en\/wp-json\/wp\/v2\/product\/13126\/revisions"}],"predecessor-version":[{"id":16796,"href":"https:\/\/raktava.lt\/en\/wp-json\/wp\/v2\/product\/13126\/revisions\/16796"}],"wp:featuredmedia":[{"embeddable":true,"href":"https:\/\/raktava.lt\/en\/wp-json\/wp\/v2\/media\/13104"}],"wp:attachment":[{"href":"https:\/\/raktava.lt\/en\/wp-json\/wp\/v2\/media?parent=13126"}],"wp:term":[{"taxonomy":"product_brand","embeddable":true,"href":"https:\/\/raktava.lt\/en\/wp-json\/wp\/v2\/product_brand?post=13126"},{"taxonomy":"product_cat","embeddable":true,"href":"https:\/\/raktava.lt\/en\/wp-json\/wp\/v2\/product_cat?post=13126"},{"taxonomy":"product_tag","embeddable":true,"href":"https:\/\/raktava.lt\/en\/wp-json\/wp\/v2\/product_tag?post=13126"}],"curies":[{"name":"wp","href":"https:\/\/api.w.org\/{rel}","templated":true}]}}