{"id":13069,"date":"2024-07-25T16:20:59","date_gmt":"2024-07-25T13:20:59","guid":{"rendered":"https:\/\/raktava.lt\/?post_type=product&#038;p=13069"},"modified":"2026-01-29T09:22:36","modified_gmt":"2026-01-29T07:22:36","slug":"e-tipo-ilgu-galvuciu-komplektas-1-2-e10-e24-9vnt","status":"publish","type":"product","link":"https:\/\/raktava.lt\/en\/product\/rankiniai-irankiai\/galvutes-galvuciu-komplektai-laikikliai-galvutems\/1-2-galvutes-ir-ju-komplektai\/e-tipo-ilgu-galvuciu-komplektas-1-2-e10-e24-9vnt\/","title":{"rendered":"E-tipo ilg\u0173 galvu\u010di\u0173 komplektas 1\/2 E10-E24 9vnt."},"content":{"rendered":"","protected":false},"excerpt":{"rendered":"<p>E-tipo ilg\u0173 galvu\u010di\u0173 komplektas 1\/2 E10-E24<\/p>\n","protected":false},"featured_media":13070,"comment_status":"open","ping_status":"closed","template":"","meta":[],"product_brand":[571],"product_cat":[50],"product_tag":[591,1225,984,1223,1224,724,660,973,739],"class_list":{"0":"post-13069","1":"product","2":"type-product","3":"status-publish","4":"has-post-thumbnail","6":"product_brand-bgs-technic-germany","7":"product_cat-1-2-galvutes-ir-ju-komplektai","8":"product_tag-1-2","9":"product_tag-1225","10":"product_tag-automobiliu-irankiai","11":"product_tag-e-tipo","12":"product_tag-e10-e24","13":"product_tag-galvuciu-komplektas","14":"product_tag-galvute","15":"product_tag-rankiniai-irankiai","16":"product_tag-torx","18":"first","19":"instock","20":"taxable","21":"shipping-taxable","22":"purchasable","23":"product-type-simple"},"_links":{"self":[{"href":"https:\/\/raktava.lt\/en\/wp-json\/wp\/v2\/product\/13069","targetHints":{"allow":["GET"]}}],"collection":[{"href":"https:\/\/raktava.lt\/en\/wp-json\/wp\/v2\/product"}],"about":[{"href":"https:\/\/raktava.lt\/en\/wp-json\/wp\/v2\/types\/product"}],"replies":[{"embeddable":true,"href":"https:\/\/raktava.lt\/en\/wp-json\/wp\/v2\/comments?post=13069"}],"version-history":[{"count":1,"href":"https:\/\/raktava.lt\/en\/wp-json\/wp\/v2\/product\/13069\/revisions"}],"predecessor-version":[{"id":13076,"href":"https:\/\/raktava.lt\/en\/wp-json\/wp\/v2\/product\/13069\/revisions\/13076"}],"wp:featuredmedia":[{"embeddable":true,"href":"https:\/\/raktava.lt\/en\/wp-json\/wp\/v2\/media\/13070"}],"wp:attachment":[{"href":"https:\/\/raktava.lt\/en\/wp-json\/wp\/v2\/media?parent=13069"}],"wp:term":[{"taxonomy":"product_brand","embeddable":true,"href":"https:\/\/raktava.lt\/en\/wp-json\/wp\/v2\/product_brand?post=13069"},{"taxonomy":"product_cat","embeddable":true,"href":"https:\/\/raktava.lt\/en\/wp-json\/wp\/v2\/product_cat?post=13069"},{"taxonomy":"product_tag","embeddable":true,"href":"https:\/\/raktava.lt\/en\/wp-json\/wp\/v2\/product_tag?post=13069"}],"curies":[{"name":"wp","href":"https:\/\/api.w.org\/{rel}","templated":true}]}}