{"id":13022,"date":"2024-07-25T14:04:32","date_gmt":"2024-07-25T11:04:32","guid":{"rendered":"https:\/\/raktava.lt\/?post_type=product&#038;p=13022"},"modified":"2026-02-03T16:28:17","modified_gmt":"2026-02-03T14:28:17","slug":"filtro-raktas-trikojis-pasiaurintom-kojelem-63-102mm","status":"publish","type":"product","link":"https:\/\/raktava.lt\/en\/product\/automobiliu-remonto-irankiai\/variklio-remonto-irankiai\/irankiai-tepalo-filtrui\/filtro-raktas-trikojis-pasiaurintom-kojelem-63-102mm\/","title":{"rendered":"Filtro raktas trikojis, pasiaurintomis kojel\u0117m 63-102mm"},"content":{"rendered":"<p id=\"tw-target-text\" class=\"tw-data-text tw-text-large tw-ta\" dir=\"ltr\" data-placeholder=\"Vertimas\" data-ved=\"2ahUKEwiKvIS_1ImPAxViQFUIHTlgKXUQ3ewLegQIChAV\" aria-label=\"I\u0161verstas tekstas: Numeris YT-0826\nEAN 5906083908262\nmed\u017eiaga CrV\nkietumas (HRC) 40-50\nveikimo diapazonas 63-120 mm\nSvoris (g) 380\n\nProdukto apra\u0161ymas\nAlyvos filtro raktas, trij\u0173 a\u0161men\u0173 konstrukcija, veikimo diapazonas nuo 63 mm iki 120 mm.\nTechniniai duomenys\nIndekso numeris YT-0826\nEAN 5906083908262\nPrek\u0117s \u017eenklas Yato\nViet\u0173 skai\u010dius\nBendras svoris (kg) 0,4390\nPagrindin\u0117 d\u0117\u017eut\u0117 MC 36\nVidin\u0117 d\u0117\u017eut\u0117 IB 12\nPal 864\n\u017dandikaulio konstrukcija\nPavaros dydis [coliais] 3\/8 &quot;, 1\/2&quot;\nDiapazonas [mm] 63-120\"><span class=\"Y2IQFc\" lang=\"lt\">Prek\u0117s kodas: YT-0826 <\/span><\/p>\n<p class=\"tw-data-text tw-text-large tw-ta\" dir=\"ltr\" data-placeholder=\"Vertimas\" data-ved=\"2ahUKEwiKvIS_1ImPAxViQFUIHTlgKXUQ3ewLegQIChAV\" aria-label=\"I\u0161verstas tekstas: Numeris YT-0826\nEAN 5906083908262\nmed\u017eiaga CrV\nkietumas (HRC) 40-50\nveikimo diapazonas 63-120 mm\nSvoris (g) 380\n\nProdukto apra\u0161ymas\nAlyvos filtro raktas, trij\u0173 a\u0161men\u0173 konstrukcija, veikimo diapazonas nuo 63 mm iki 120 mm.\nTechniniai duomenys\nIndekso numeris YT-0826\nEAN 5906083908262\nPrek\u0117s \u017eenklas Yato\nViet\u0173 skai\u010dius\nBendras svoris (kg) 0,4390\nPagrindin\u0117 d\u0117\u017eut\u0117 MC 36\nVidin\u0117 d\u0117\u017eut\u0117 IB 12\nPal 864\n\u017dandikaulio konstrukcija\nPavaros dydis [coliais] 3\/8 &quot;, 1\/2&quot;\nDiapazonas [mm] 63-120\"><span class=\"Y2IQFc\" lang=\"lt\">EAN: 5906083908262<\/span><\/p>\n<p class=\"tw-data-text tw-text-large tw-ta\" dir=\"ltr\" data-placeholder=\"Vertimas\" data-ved=\"2ahUKEwiKvIS_1ImPAxViQFUIHTlgKXUQ3ewLegQIChAV\" aria-label=\"I\u0161verstas tekstas: Numeris YT-0826\nEAN 5906083908262\nmed\u017eiaga CrV\nkietumas (HRC) 40-50\nveikimo diapazonas 63-120 mm\nSvoris (g) 380\n\nProdukto apra\u0161ymas\nAlyvos filtro raktas, trij\u0173 a\u0161men\u0173 konstrukcija, veikimo diapazonas nuo 63 mm iki 120 mm.\nTechniniai duomenys\nIndekso numeris YT-0826\nEAN 5906083908262\nPrek\u0117s \u017eenklas Yato\nViet\u0173 skai\u010dius\nBendras svoris (kg) 0,4390\nPagrindin\u0117 d\u0117\u017eut\u0117 MC 36\nVidin\u0117 d\u0117\u017eut\u0117 IB 12\nPal 864\n\u017dandikaulio konstrukcija\nPavaros dydis [coliais] 3\/8 &quot;, 1\/2&quot;\nDiapazonas [mm] 63-120\"><span class=\"Y2IQFc\" lang=\"lt\">Med\u017eiaga CrV<\/span><\/p>\n<p class=\"tw-data-text tw-text-large tw-ta\" dir=\"ltr\" data-placeholder=\"Vertimas\" data-ved=\"2ahUKEwiKvIS_1ImPAxViQFUIHTlgKXUQ3ewLegQIChAV\" aria-label=\"I\u0161verstas tekstas: Numeris YT-0826\nEAN 5906083908262\nmed\u017eiaga CrV\nkietumas (HRC) 40-50\nveikimo diapazonas 63-120 mm\nSvoris (g) 380\n\nProdukto apra\u0161ymas\nAlyvos filtro raktas, trij\u0173 a\u0161men\u0173 konstrukcija, veikimo diapazonas nuo 63 mm iki 120 mm.\nTechniniai duomenys\nIndekso numeris YT-0826\nEAN 5906083908262\nPrek\u0117s \u017eenklas Yato\nViet\u0173 skai\u010dius\nBendras svoris (kg) 0,4390\nPagrindin\u0117 d\u0117\u017eut\u0117 MC 36\nVidin\u0117 d\u0117\u017eut\u0117 IB 12\nPal 864\n\u017dandikaulio konstrukcija\nPavaros dydis [coliais] 3\/8 &quot;, 1\/2&quot;\nDiapazonas [mm] 63-120\"><span class=\"Y2IQFc\" lang=\"lt\">Kietumas (HRC) 40-50 <\/span><\/p>\n<p class=\"tw-data-text tw-text-large tw-ta\" dir=\"ltr\" data-placeholder=\"Vertimas\" data-ved=\"2ahUKEwiKvIS_1ImPAxViQFUIHTlgKXUQ3ewLegQIChAV\" aria-label=\"I\u0161verstas tekstas: Numeris YT-0826\nEAN 5906083908262\nmed\u017eiaga CrV\nkietumas (HRC) 40-50\nveikimo diapazonas 63-120 mm\nSvoris (g) 380\n\nProdukto apra\u0161ymas\nAlyvos filtro raktas, trij\u0173 a\u0161men\u0173 konstrukcija, veikimo diapazonas nuo 63 mm iki 120 mm.\nTechniniai duomenys\nIndekso numeris YT-0826\nEAN 5906083908262\nPrek\u0117s \u017eenklas Yato\nViet\u0173 skai\u010dius\nBendras svoris (kg) 0,4390\nPagrindin\u0117 d\u0117\u017eut\u0117 MC 36\nVidin\u0117 d\u0117\u017eut\u0117 IB 12\nPal 864\n\u017dandikaulio konstrukcija\nPavaros dydis [coliais] 3\/8 &quot;, 1\/2&quot;\nDiapazonas [mm] 63-120\"><span class=\"Y2IQFc\" lang=\"lt\">Veikimo diapazonas 63-120 mm <\/span><\/p>\n<p class=\"tw-data-text tw-text-large tw-ta\" dir=\"ltr\" data-placeholder=\"Vertimas\" data-ved=\"2ahUKEwiKvIS_1ImPAxViQFUIHTlgKXUQ3ewLegQIChAV\" aria-label=\"I\u0161verstas tekstas: Numeris YT-0826\nEAN 5906083908262\nmed\u017eiaga CrV\nkietumas (HRC) 40-50\nveikimo diapazonas 63-120 mm\nSvoris (g) 380\n\nProdukto apra\u0161ymas\nAlyvos filtro raktas, trij\u0173 a\u0161men\u0173 konstrukcija, veikimo diapazonas nuo 63 mm iki 120 mm.\nTechniniai duomenys\nIndekso numeris YT-0826\nEAN 5906083908262\nPrek\u0117s \u017eenklas Yato\nViet\u0173 skai\u010dius\nBendras svoris (kg) 0,4390\nPagrindin\u0117 d\u0117\u017eut\u0117 MC 36\nVidin\u0117 d\u0117\u017eut\u0117 IB 12\nPal 864\n\u017dandikaulio konstrukcija\nPavaros dydis [coliais] 3\/8 &quot;, 1\/2&quot;\nDiapazonas [mm] 63-120\"><span class=\"Y2IQFc\" lang=\"lt\">Svoris (g) 380 <\/span><\/p>\n<p class=\"tw-data-text tw-text-large tw-ta\" dir=\"ltr\" data-placeholder=\"Vertimas\" data-ved=\"2ahUKEwiKvIS_1ImPAxViQFUIHTlgKXUQ3ewLegQIChAV\" aria-label=\"I\u0161verstas tekstas: Numeris YT-0826\nEAN 5906083908262\nmed\u017eiaga CrV\nkietumas (HRC) 40-50\nveikimo diapazonas 63-120 mm\nSvoris (g) 380\n\nProdukto apra\u0161ymas\nAlyvos filtro raktas, trij\u0173 a\u0161men\u0173 konstrukcija, veikimo diapazonas nuo 63 mm iki 120 mm.\nTechniniai duomenys\nIndekso numeris YT-0826\nEAN 5906083908262\nPrek\u0117s \u017eenklas Yato\nViet\u0173 skai\u010dius\nBendras svoris (kg) 0,4390\nPagrindin\u0117 d\u0117\u017eut\u0117 MC 36\nVidin\u0117 d\u0117\u017eut\u0117 IB 12\nPal 864\n\u017dandikaulio konstrukcija\nPavaros dydis [coliais] 3\/8 &quot;, 1\/2&quot;\nDiapazonas [mm] 63-120\"><span class=\"Y2IQFc\" lang=\"lt\">Alyvos filtro raktas, trij\u0173 a\u0161men\u0173 konstrukcija, veikimo diapazonas nuo 63 mm iki 120 mm.\u00a0<\/span><\/p>\n<p><img decoding=\"async\" src=\"https:\/\/vigorus.lt\/catalog\/130302122835_CrV50BV30.jpg\" \/><img decoding=\"async\" src=\"https:\/\/vigorus.lt\/catalog\/130302122835_1_2cala.jpg\" \/><img decoding=\"async\" src=\"https:\/\/vigorus.lt\/catalog\/130302122835_3_8cala.jpg\" \/><img decoding=\"async\" src=\"https:\/\/vigorus.lt\/catalog\/logo120627105013_yato.jpg\" alt=\"YATO\" \/><\/p>\n","protected":false},"excerpt":{"rendered":"<p>Filtro raktas trikojis, pasiaurintomis kojel\u0117m 63-102mm<\/p>\n<p>&nbsp;<\/p>\n<p>&nbsp;<\/p>\n","protected":false},"featured_media":13023,"comment_status":"open","ping_status":"closed","template":"","meta":[],"product_brand":[563],"product_cat":[85],"product_tag":[1763,834,936,706,1764],"class_list":{"0":"post-13022","1":"product","2":"type-product","3":"status-publish","4":"has-post-thumbnail","6":"product_brand-yato","7":"product_cat-irankiai-tepalo-filtrui","8":"product_tag-63-102mm","9":"product_tag-alyvos-filtro-raktas","10":"product_tag-trikojis-filtro-raktas","11":"product_tag-yato-irankiai","12":"product_tag-yt-0826","14":"first","15":"instock","16":"taxable","17":"shipping-taxable","18":"purchasable","19":"product-type-simple"},"_links":{"self":[{"href":"https:\/\/raktava.lt\/en\/wp-json\/wp\/v2\/product\/13022","targetHints":{"allow":["GET"]}}],"collection":[{"href":"https:\/\/raktava.lt\/en\/wp-json\/wp\/v2\/product"}],"about":[{"href":"https:\/\/raktava.lt\/en\/wp-json\/wp\/v2\/types\/product"}],"replies":[{"embeddable":true,"href":"https:\/\/raktava.lt\/en\/wp-json\/wp\/v2\/comments?post=13022"}],"version-history":[{"count":5,"href":"https:\/\/raktava.lt\/en\/wp-json\/wp\/v2\/product\/13022\/revisions"}],"predecessor-version":[{"id":18079,"href":"https:\/\/raktava.lt\/en\/wp-json\/wp\/v2\/product\/13022\/revisions\/18079"}],"wp:featuredmedia":[{"embeddable":true,"href":"https:\/\/raktava.lt\/en\/wp-json\/wp\/v2\/media\/13023"}],"wp:attachment":[{"href":"https:\/\/raktava.lt\/en\/wp-json\/wp\/v2\/media?parent=13022"}],"wp:term":[{"taxonomy":"product_brand","embeddable":true,"href":"https:\/\/raktava.lt\/en\/wp-json\/wp\/v2\/product_brand?post=13022"},{"taxonomy":"product_cat","embeddable":true,"href":"https:\/\/raktava.lt\/en\/wp-json\/wp\/v2\/product_cat?post=13022"},{"taxonomy":"product_tag","embeddable":true,"href":"https:\/\/raktava.lt\/en\/wp-json\/wp\/v2\/product_tag?post=13022"}],"curies":[{"name":"wp","href":"https:\/\/api.w.org\/{rel}","templated":true}]}}