{"id":13006,"date":"2024-07-25T13:17:52","date_gmt":"2024-07-25T10:17:52","guid":{"rendered":"https:\/\/raktava.lt\/?post_type=product&#038;p=13006"},"modified":"2024-09-30T10:02:19","modified_gmt":"2024-09-30T07:02:19","slug":"voztuvu-pritrynejas-statomas-i-grazta","status":"publish","type":"product","link":"https:\/\/raktava.lt\/en\/product\/automobiliu-remonto-irankiai\/irankiai-voztuvams-cilindrams-stumokliams\/voztuvu-pritrynejas-statomas-i-grazta\/","title":{"rendered":"Vo\u017etuv\u0173 pritryn\u0117jas statomas \u012f gr\u0105\u017et\u0105"},"content":{"rendered":"<pre id=\"tw-target-text\" class=\"tw-data-text tw-text-large tw-ta\" dir=\"ltr\" data-placeholder=\"Vertimas\" aria-label=\"I\u0161verstas tekstas\" data-ved=\"2ahUKEwjF5MKs-8GHAxUKa_EDHfKvCLkQ3ewLegQIBRAU\"><span class=\"Y2IQFc\" lang=\"lt\">Apra\u0161ymas: palengvina vo\u017etuv\u0173 automatin\u012f krypties keitim\u0105, \r\nskirt\u0105 naudoti su smulkia \u0161lifavimo pasta su 8 mm koteliu, kad b\u016bt\u0173 galima laikyti gr\u0119\u017eimo ma\u0161inoje, \r\nmin. 1000 aps.\/min. iki maks. darbinio grei\u010dio min. 1000 aps.\/min. iki maks. 1250 aps.\/min\r\n4 skirtingos 20, 30, 35 ir 40 mm siurbimo plok\u0161t\u0117s\r\n13 mm velenas siurbtuk\u0173 tvirtinimui<\/span><\/pre>\n","protected":false},"excerpt":{"rendered":"<p>Vo\u017etuv\u0173 pritryn\u0117jas statomas \u012f gr\u0105\u017et\u0105<\/p>\n","protected":false},"featured_media":13007,"comment_status":"open","ping_status":"closed","template":"","meta":[],"product_brand":[],"product_cat":[107],"product_tag":[234],"class_list":{"0":"post-13006","1":"product","2":"type-product","3":"status-publish","4":"has-post-thumbnail","6":"product_cat-irankiai-voztuvams-cilindrams-stumokliams","7":"product_tag-essen-tools-vokietija","9":"first","10":"outofstock","11":"taxable","12":"shipping-taxable","13":"purchasable","14":"product-type-simple"},"_links":{"self":[{"href":"https:\/\/raktava.lt\/en\/wp-json\/wp\/v2\/product\/13006","targetHints":{"allow":["GET"]}}],"collection":[{"href":"https:\/\/raktava.lt\/en\/wp-json\/wp\/v2\/product"}],"about":[{"href":"https:\/\/raktava.lt\/en\/wp-json\/wp\/v2\/types\/product"}],"replies":[{"embeddable":true,"href":"https:\/\/raktava.lt\/en\/wp-json\/wp\/v2\/comments?post=13006"}],"version-history":[{"count":4,"href":"https:\/\/raktava.lt\/en\/wp-json\/wp\/v2\/product\/13006\/revisions"}],"predecessor-version":[{"id":13014,"href":"https:\/\/raktava.lt\/en\/wp-json\/wp\/v2\/product\/13006\/revisions\/13014"}],"wp:featuredmedia":[{"embeddable":true,"href":"https:\/\/raktava.lt\/en\/wp-json\/wp\/v2\/media\/13007"}],"wp:attachment":[{"href":"https:\/\/raktava.lt\/en\/wp-json\/wp\/v2\/media?parent=13006"}],"wp:term":[{"taxonomy":"product_brand","embeddable":true,"href":"https:\/\/raktava.lt\/en\/wp-json\/wp\/v2\/product_brand?post=13006"},{"taxonomy":"product_cat","embeddable":true,"href":"https:\/\/raktava.lt\/en\/wp-json\/wp\/v2\/product_cat?post=13006"},{"taxonomy":"product_tag","embeddable":true,"href":"https:\/\/raktava.lt\/en\/wp-json\/wp\/v2\/product_tag?post=13006"}],"curies":[{"name":"wp","href":"https:\/\/api.w.org\/{rel}","templated":true}]}}