{"id":13000,"date":"2024-07-25T13:14:20","date_gmt":"2024-07-25T10:14:20","guid":{"rendered":"https:\/\/raktava.lt\/?post_type=product&#038;p=13000"},"modified":"2026-03-23T16:56:05","modified_gmt":"2026-03-23T14:56:05","slug":"ziedu-suspaudejas-53-175mm-h100mm","status":"publish","type":"product","link":"https:\/\/raktava.lt\/en\/product\/automobiliu-remonto-irankiai\/irankiai-voztuvams-cilindrams-stumokliams\/ziedu-suspaudejas-53-175mm-h100mm\/","title":{"rendered":"\u017died\u0173 suspaud\u0117jas 53-175mm H100mm"},"content":{"rendered":"","protected":false},"excerpt":{"rendered":"<p>\u017died\u0173 suspaud\u0117jas 53-175mm H100mm<\/p>\n","protected":false},"featured_media":13001,"comment_status":"open","ping_status":"closed","template":"","meta":[],"product_brand":[626],"product_cat":[107],"product_tag":[1954,1956,1955,2141],"class_list":{"0":"post-13000","1":"product","2":"type-product","3":"status-publish","4":"has-post-thumbnail","6":"product_brand-changlu","7":"product_cat-irankiai-voztuvams-cilindrams-stumokliams","8":"product_tag-53-175mm","9":"product_tag-cl705802","10":"product_tag-h100-mm","11":"product_tag-ziedu-suspaudejas","13":"first","14":"instock","15":"taxable","16":"shipping-taxable","17":"purchasable","18":"product-type-simple"},"_links":{"self":[{"href":"https:\/\/raktava.lt\/en\/wp-json\/wp\/v2\/product\/13000","targetHints":{"allow":["GET"]}}],"collection":[{"href":"https:\/\/raktava.lt\/en\/wp-json\/wp\/v2\/product"}],"about":[{"href":"https:\/\/raktava.lt\/en\/wp-json\/wp\/v2\/types\/product"}],"replies":[{"embeddable":true,"href":"https:\/\/raktava.lt\/en\/wp-json\/wp\/v2\/comments?post=13000"}],"version-history":[{"count":1,"href":"https:\/\/raktava.lt\/en\/wp-json\/wp\/v2\/product\/13000\/revisions"}],"predecessor-version":[{"id":13005,"href":"https:\/\/raktava.lt\/en\/wp-json\/wp\/v2\/product\/13000\/revisions\/13005"}],"wp:featuredmedia":[{"embeddable":true,"href":"https:\/\/raktava.lt\/en\/wp-json\/wp\/v2\/media\/13001"}],"wp:attachment":[{"href":"https:\/\/raktava.lt\/en\/wp-json\/wp\/v2\/media?parent=13000"}],"wp:term":[{"taxonomy":"product_brand","embeddable":true,"href":"https:\/\/raktava.lt\/en\/wp-json\/wp\/v2\/product_brand?post=13000"},{"taxonomy":"product_cat","embeddable":true,"href":"https:\/\/raktava.lt\/en\/wp-json\/wp\/v2\/product_cat?post=13000"},{"taxonomy":"product_tag","embeddable":true,"href":"https:\/\/raktava.lt\/en\/wp-json\/wp\/v2\/product_tag?post=13000"}],"curies":[{"name":"wp","href":"https:\/\/api.w.org\/{rel}","templated":true}]}}