{"id":12985,"date":"2024-07-25T12:06:46","date_gmt":"2024-07-25T09:06:46","guid":{"rendered":"https:\/\/raktava.lt\/?post_type=product&#038;p=12985"},"modified":"2026-03-05T17:02:16","modified_gmt":"2026-03-05T15:02:16","slug":"variklio-fiksavimo-rinkinys-bmw-n43","status":"publish","type":"product","link":"https:\/\/raktava.lt\/en\/product\/automobiliu-remonto-irankiai\/variklio-remonto-irankiai\/variklio-blokavimo-irankiai\/variklio-fiksavimo-rinkinys-bmw-n43\/","title":{"rendered":"Variklio fiksavimo rinkinys BMW N43"},"content":{"rendered":"<p><em>Preki\u0173 nuotraukos skirtos tik iliustraciniams tikslams ir yra pavyzdin\u0117s. Prek\u0117s apra\u0161yme esan\u010dios video nuorodos yra tik informacinio pob\u016bd\u017eio, tod\u0117l jose pateikiama informacija gali skirtis nuo pa\u010dios prek\u0117s.<\/em><\/p>\n","protected":false},"excerpt":{"rendered":"<p>Variklio fiksavimo rinkinys BMW N43<\/p>\n","protected":false},"featured_media":12986,"comment_status":"open","ping_status":"closed","template":"","meta":[],"product_brand":[560],"product_cat":[95],"product_tag":[595,1671,1672,1304],"class_list":{"0":"post-12985","1":"product","2":"type-product","3":"status-publish","4":"has-post-thumbnail","6":"product_brand-essen-tools-germany","7":"product_cat-variklio-blokavimo-irankiai","8":"product_tag-bmw","9":"product_tag-n43","10":"product_tag-sk1142","11":"product_tag-variklio-fiksavimo-rinkinys","13":"first","14":"instock","15":"taxable","16":"shipping-taxable","17":"purchasable","18":"product-type-simple"},"_links":{"self":[{"href":"https:\/\/raktava.lt\/en\/wp-json\/wp\/v2\/product\/12985","targetHints":{"allow":["GET"]}}],"collection":[{"href":"https:\/\/raktava.lt\/en\/wp-json\/wp\/v2\/product"}],"about":[{"href":"https:\/\/raktava.lt\/en\/wp-json\/wp\/v2\/types\/product"}],"replies":[{"embeddable":true,"href":"https:\/\/raktava.lt\/en\/wp-json\/wp\/v2\/comments?post=12985"}],"version-history":[{"count":3,"href":"https:\/\/raktava.lt\/en\/wp-json\/wp\/v2\/product\/12985\/revisions"}],"predecessor-version":[{"id":12996,"href":"https:\/\/raktava.lt\/en\/wp-json\/wp\/v2\/product\/12985\/revisions\/12996"}],"wp:featuredmedia":[{"embeddable":true,"href":"https:\/\/raktava.lt\/en\/wp-json\/wp\/v2\/media\/12986"}],"wp:attachment":[{"href":"https:\/\/raktava.lt\/en\/wp-json\/wp\/v2\/media?parent=12985"}],"wp:term":[{"taxonomy":"product_brand","embeddable":true,"href":"https:\/\/raktava.lt\/en\/wp-json\/wp\/v2\/product_brand?post=12985"},{"taxonomy":"product_cat","embeddable":true,"href":"https:\/\/raktava.lt\/en\/wp-json\/wp\/v2\/product_cat?post=12985"},{"taxonomy":"product_tag","embeddable":true,"href":"https:\/\/raktava.lt\/en\/wp-json\/wp\/v2\/product_tag?post=12985"}],"curies":[{"name":"wp","href":"https:\/\/api.w.org\/{rel}","templated":true}]}}