{"id":12969,"date":"2024-07-25T11:54:58","date_gmt":"2024-07-25T08:54:58","guid":{"rendered":"https:\/\/raktava.lt\/?post_type=product&#038;p=12969"},"modified":"2026-02-19T15:42:20","modified_gmt":"2026-02-19T13:42:20","slug":"purkstuku-tarpiniu-isemejas-350mm","status":"publish","type":"product","link":"https:\/\/raktava.lt\/en\/product\/automobiliu-remonto-irankiai\/variklio-remonto-irankiai\/irankiai-purkstukams\/purkstuku-tarpiniu-isemejas-350mm\/","title":{"rendered":"Purk\u0161tuk\u0173 tarpini\u0173 i\u0161\u0117m\u0117jas 350mm"},"content":{"rendered":"","protected":false},"excerpt":{"rendered":"<p>Purk\u0161tuk\u0173 tarpini\u0173 i\u0161\u0117m\u0117jas 350mm<\/p>\n","protected":false},"featured_media":12970,"comment_status":"open","ping_status":"closed","template":"","meta":[],"product_brand":[560],"product_cat":[89],"product_tag":[875,1912],"class_list":{"0":"post-12969","1":"product","2":"type-product","3":"status-publish","4":"has-post-thumbnail","6":"product_brand-essen-tools-germany","7":"product_cat-irankiai-purkstukams","8":"product_tag-purkstuku-tarpiniu-isemejas","9":"product_tag-xc4050","11":"first","12":"instock","13":"taxable","14":"shipping-taxable","15":"purchasable","16":"product-type-simple"},"_links":{"self":[{"href":"https:\/\/raktava.lt\/en\/wp-json\/wp\/v2\/product\/12969","targetHints":{"allow":["GET"]}}],"collection":[{"href":"https:\/\/raktava.lt\/en\/wp-json\/wp\/v2\/product"}],"about":[{"href":"https:\/\/raktava.lt\/en\/wp-json\/wp\/v2\/types\/product"}],"replies":[{"embeddable":true,"href":"https:\/\/raktava.lt\/en\/wp-json\/wp\/v2\/comments?post=12969"}],"version-history":[{"count":1,"href":"https:\/\/raktava.lt\/en\/wp-json\/wp\/v2\/product\/12969\/revisions"}],"predecessor-version":[{"id":12972,"href":"https:\/\/raktava.lt\/en\/wp-json\/wp\/v2\/product\/12969\/revisions\/12972"}],"wp:featuredmedia":[{"embeddable":true,"href":"https:\/\/raktava.lt\/en\/wp-json\/wp\/v2\/media\/12970"}],"wp:attachment":[{"href":"https:\/\/raktava.lt\/en\/wp-json\/wp\/v2\/media?parent=12969"}],"wp:term":[{"taxonomy":"product_brand","embeddable":true,"href":"https:\/\/raktava.lt\/en\/wp-json\/wp\/v2\/product_brand?post=12969"},{"taxonomy":"product_cat","embeddable":true,"href":"https:\/\/raktava.lt\/en\/wp-json\/wp\/v2\/product_cat?post=12969"},{"taxonomy":"product_tag","embeddable":true,"href":"https:\/\/raktava.lt\/en\/wp-json\/wp\/v2\/product_tag?post=12969"}],"curies":[{"name":"wp","href":"https:\/\/api.w.org\/{rel}","templated":true}]}}