{"id":12960,"date":"2024-07-25T11:40:13","date_gmt":"2024-07-25T08:40:13","guid":{"rendered":"https:\/\/raktava.lt\/?post_type=product&#038;p=12960"},"modified":"2026-04-01T13:32:05","modified_gmt":"2026-04-01T10:32:05","slug":"vieliniu-sepeteliu-su-koteliu-rinkinys","status":"publish","type":"product","link":"https:\/\/raktava.lt\/en\/product\/metalo-apdirbimo-irankiai\/sveitimo-irankiai\/vieliniu-sepeteliu-su-koteliu-rinkinys\/","title":{"rendered":"Vielini\u0173 \u0161epet\u0117li\u0173 su koteliu rinkinys"},"content":{"rendered":"","protected":false},"excerpt":{"rendered":"<p>Vielini\u0173 \u0161epet\u0117li\u0173 su koteliu rinkinys<\/p>\n<ul>\n<li>Skersmuo (mm) 24 50 50<\/li>\n<li>Sukimosi da\u017enis (min-1) 4500<\/li>\n<\/ul>\n","protected":false},"featured_media":12961,"comment_status":"open","ping_status":"closed","template":"","meta":[],"product_brand":[621],"product_cat":[143],"product_tag":[1687,1686],"class_list":{"0":"post-12960","1":"product","2":"type-product","3":"status-publish","4":"has-post-thumbnail","6":"product_brand-vorel","7":"product_cat-sveitimo-irankiai","8":"product_tag-1687","9":"product_tag-vieliniu-sepeteliu-kompleketas","11":"first","12":"instock","13":"taxable","14":"shipping-taxable","15":"purchasable","16":"product-type-simple"},"_links":{"self":[{"href":"https:\/\/raktava.lt\/en\/wp-json\/wp\/v2\/product\/12960","targetHints":{"allow":["GET"]}}],"collection":[{"href":"https:\/\/raktava.lt\/en\/wp-json\/wp\/v2\/product"}],"about":[{"href":"https:\/\/raktava.lt\/en\/wp-json\/wp\/v2\/types\/product"}],"replies":[{"embeddable":true,"href":"https:\/\/raktava.lt\/en\/wp-json\/wp\/v2\/comments?post=12960"}],"version-history":[{"count":2,"href":"https:\/\/raktava.lt\/en\/wp-json\/wp\/v2\/product\/12960\/revisions"}],"predecessor-version":[{"id":12964,"href":"https:\/\/raktava.lt\/en\/wp-json\/wp\/v2\/product\/12960\/revisions\/12964"}],"wp:featuredmedia":[{"embeddable":true,"href":"https:\/\/raktava.lt\/en\/wp-json\/wp\/v2\/media\/12961"}],"wp:attachment":[{"href":"https:\/\/raktava.lt\/en\/wp-json\/wp\/v2\/media?parent=12960"}],"wp:term":[{"taxonomy":"product_brand","embeddable":true,"href":"https:\/\/raktava.lt\/en\/wp-json\/wp\/v2\/product_brand?post=12960"},{"taxonomy":"product_cat","embeddable":true,"href":"https:\/\/raktava.lt\/en\/wp-json\/wp\/v2\/product_cat?post=12960"},{"taxonomy":"product_tag","embeddable":true,"href":"https:\/\/raktava.lt\/en\/wp-json\/wp\/v2\/product_tag?post=12960"}],"curies":[{"name":"wp","href":"https:\/\/api.w.org\/{rel}","templated":true}]}}