{"id":12931,"date":"2024-07-24T16:16:47","date_gmt":"2024-07-24T13:16:47","guid":{"rendered":"https:\/\/raktava.lt\/?post_type=product&#038;p=12931"},"modified":"2026-04-16T09:40:48","modified_gmt":"2026-04-16T06:40:48","slug":"irankiu-rinkinys-1-43-81-2-216vnt","status":"publish","type":"product","link":"https:\/\/raktava.lt\/en\/product\/rankiniai-irankiai\/1-4-3-8-1-2-3-4-1-kombinuotu-galvuciu-rinkiniai\/irankiu-rinkinys-1-43-81-2-216vnt\/","title":{"rendered":"\u012eranki\u0173 rinkinys 1\/4&#8243;+3\/8&#8243;+1\/2&#8243; 216vnt."},"content":{"rendered":"<p>Profesionalus \u012franki\u0173 rinkinys YATO YT-38841, skirtas specializuot\u0173 automobili\u0173 ir mechanikos paslaug\u0173 poreikiams. Raktai ir galvut\u0117 pagaminti i\u0161 patvaraus chromo vanad\u017eio \u012frankinio plieno CRV 50BV3. Prie\u0161 kietinim\u0105 dangteliai buvo \u0161tampuoti ir kalibruoti naudojant tikslius matuoklius ir valdiklius. Rinkinys leid\u017eia atlikti darbus, kuriems reikalingos labai didel\u0117s apkrovos ir tikslumas, taip pat leid\u017eia atlikti \u012fvairius aptarnavimo darbus, susijusius su \u012fvairi\u0173 nominali\u0173 dyd\u017ei\u0173 sriegini\u0173 jung\u010di\u0173 atlaisvinimu ir priver\u017eimu. Bar\u0161kutis turi trij\u0173 dali\u0173 ranken\u0105 ir 72 dantis (5 laipsni\u0173 \u017eingsnis).<\/p>\n<p><strong>Naudojimo \u012fsp\u0117jimai:<\/strong><\/p>\n<p>Rankini\u0173 \u012franki\u0173 naudojimas gali b\u016bti pavojingas! Visada d\u0117v\u0117kite asmenines apsaugos priemones darbo metu. Naudokite tik tinkamus, nenugadintus \u012frankius. Pasirinkite \u012frankio tip\u0105 ir dyd\u012f pagal numatyt\u0105 taikym\u0105. Nepakraukite \u012franki\u0173 per daug. Laikykite \u012frankius toliau nuo vaik\u0173. Naudokite \u012frankius atsargiai.<\/p>\n<ul>\n<li>serija: GRF<\/li>\n<li>laikiklio dydis: 1\/4&#8243; (6,3 mm), 3\/8&#8243; (9,5 mm), 1\/2&#8243; (12,7 mm)<\/li>\n<li>med\u017eiaga: 40CrV, CRV 6150, CrV 50BV30, CrMo SCM-440, S2<\/li>\n<li>dant\u0173 skai\u010dius: 72<\/li>\n<li>Ver\u017eliarak\u010diai: 8; 10; 11; 12; 13; 14; 15; 16; 17; 18; 19; 22mm<\/li>\n<li>vnt.: 216<\/li>\n<li>taikymas: automobili\u0173 servisai, mechaniniai servisai, pramon\u0117, nam\u0173 \u016bkiui<\/li>\n<li><\/li>\n<\/ul>\n","protected":false},"excerpt":{"rendered":"<p>\u012eranki\u0173 rinkinys 1\/4&#8243;+3\/8&#8243;+1\/2&#8243;<\/p>\n","protected":false},"featured_media":12932,"comment_status":"open","ping_status":"closed","template":"","meta":[],"product_brand":[563],"product_cat":[47],"product_tag":[591,951,1962,575,715,1963],"class_list":{"0":"post-12931","1":"product","2":"type-product","3":"status-publish","4":"has-post-thumbnail","6":"product_brand-yato","7":"product_cat-1-4-3-8-1-2-3-4-1-kombinuotu-galvuciu-rinkiniai","8":"product_tag-1-2","9":"product_tag-1-4","10":"product_tag-216-daliu","11":"product_tag-3-8","12":"product_tag-irankiu-komplektas","13":"product_tag-yt-38841","15":"first","16":"instock","17":"taxable","18":"shipping-taxable","19":"purchasable","20":"product-type-simple"},"_links":{"self":[{"href":"https:\/\/raktava.lt\/en\/wp-json\/wp\/v2\/product\/12931","targetHints":{"allow":["GET"]}}],"collection":[{"href":"https:\/\/raktava.lt\/en\/wp-json\/wp\/v2\/product"}],"about":[{"href":"https:\/\/raktava.lt\/en\/wp-json\/wp\/v2\/types\/product"}],"replies":[{"embeddable":true,"href":"https:\/\/raktava.lt\/en\/wp-json\/wp\/v2\/comments?post=12931"}],"version-history":[{"count":3,"href":"https:\/\/raktava.lt\/en\/wp-json\/wp\/v2\/product\/12931\/revisions"}],"predecessor-version":[{"id":19242,"href":"https:\/\/raktava.lt\/en\/wp-json\/wp\/v2\/product\/12931\/revisions\/19242"}],"wp:featuredmedia":[{"embeddable":true,"href":"https:\/\/raktava.lt\/en\/wp-json\/wp\/v2\/media\/12932"}],"wp:attachment":[{"href":"https:\/\/raktava.lt\/en\/wp-json\/wp\/v2\/media?parent=12931"}],"wp:term":[{"taxonomy":"product_brand","embeddable":true,"href":"https:\/\/raktava.lt\/en\/wp-json\/wp\/v2\/product_brand?post=12931"},{"taxonomy":"product_cat","embeddable":true,"href":"https:\/\/raktava.lt\/en\/wp-json\/wp\/v2\/product_cat?post=12931"},{"taxonomy":"product_tag","embeddable":true,"href":"https:\/\/raktava.lt\/en\/wp-json\/wp\/v2\/product_tag?post=12931"}],"curies":[{"name":"wp","href":"https:\/\/api.w.org\/{rel}","templated":true}]}}