{"id":12905,"date":"2024-07-22T12:21:51","date_gmt":"2024-07-22T09:21:51","guid":{"rendered":"https:\/\/raktava.lt\/?post_type=product&#038;p=12905"},"modified":"2025-02-25T13:49:05","modified_gmt":"2025-02-25T11:49:05","slug":"reples-fiksuojamos-ploksciais-antgaliais-tipas-c-275mm","status":"publish","type":"product","link":"https:\/\/raktava.lt\/en\/product\/rankiniai-irankiai\/reples-repliu-komplektai-zirkles-skardai-specializuotos-reples\/fiksuojamos-suspaudimo-reples\/reples-fiksuojamos-ploksciais-antgaliais-tipas-c-275mm\/","title":{"rendered":"Repl\u0117s fiksuojamos plok\u0161\u010diais antgaliais, tipas C, 275mm"},"content":{"rendered":"","protected":false},"excerpt":{"rendered":"<p>Repl\u0117s fiksuojamos plok\u0161\u010diais antgaliais, tipas C, 275mm<\/p>\n","protected":false},"featured_media":12906,"comment_status":"open","ping_status":"closed","template":"","meta":[],"product_brand":[],"product_cat":[186,33],"product_tag":[158],"class_list":{"0":"post-12905","1":"product","2":"type-product","3":"status-publish","4":"has-post-thumbnail","6":"product_cat-fiksuojamos-suspaudimo-reples","7":"product_cat-suvirinimo-irankiai","8":"product_tag-vorel-lenkija","10":"first","11":"instock","12":"taxable","13":"shipping-taxable","14":"purchasable","15":"product-type-simple"},"_links":{"self":[{"href":"https:\/\/raktava.lt\/en\/wp-json\/wp\/v2\/product\/12905","targetHints":{"allow":["GET"]}}],"collection":[{"href":"https:\/\/raktava.lt\/en\/wp-json\/wp\/v2\/product"}],"about":[{"href":"https:\/\/raktava.lt\/en\/wp-json\/wp\/v2\/types\/product"}],"replies":[{"embeddable":true,"href":"https:\/\/raktava.lt\/en\/wp-json\/wp\/v2\/comments?post=12905"}],"version-history":[{"count":1,"href":"https:\/\/raktava.lt\/en\/wp-json\/wp\/v2\/product\/12905\/revisions"}],"predecessor-version":[{"id":12910,"href":"https:\/\/raktava.lt\/en\/wp-json\/wp\/v2\/product\/12905\/revisions\/12910"}],"wp:featuredmedia":[{"embeddable":true,"href":"https:\/\/raktava.lt\/en\/wp-json\/wp\/v2\/media\/12906"}],"wp:attachment":[{"href":"https:\/\/raktava.lt\/en\/wp-json\/wp\/v2\/media?parent=12905"}],"wp:term":[{"taxonomy":"product_brand","embeddable":true,"href":"https:\/\/raktava.lt\/en\/wp-json\/wp\/v2\/product_brand?post=12905"},{"taxonomy":"product_cat","embeddable":true,"href":"https:\/\/raktava.lt\/en\/wp-json\/wp\/v2\/product_cat?post=12905"},{"taxonomy":"product_tag","embeddable":true,"href":"https:\/\/raktava.lt\/en\/wp-json\/wp\/v2\/product_tag?post=12905"}],"curies":[{"name":"wp","href":"https:\/\/api.w.org\/{rel}","templated":true}]}}