{"id":12891,"date":"2024-07-22T12:02:25","date_gmt":"2024-07-22T09:02:25","guid":{"rendered":"https:\/\/raktava.lt\/?post_type=product&#038;p=12891"},"modified":"2025-03-20T10:19:49","modified_gmt":"2025-03-20T08:19:49","slug":"laidu-testeris-reples-laidu-jungciu-uzspaudimui","status":"publish","type":"product","link":"https:\/\/raktava.lt\/en\/product\/rankiniai-irankiai\/reples-repliu-komplektai-zirkles-skardai-specializuotos-reples\/specializuotos-reples\/laidu-testeris-reples-laidu-jungciu-uzspaudimui\/","title":{"rendered":"Laid\u0173 testeris, repl\u0117s laid\u0173 jung\u010di\u0173 u\u017espaudimui"},"content":{"rendered":"<p>Modulinio ki\u0161tuko u\u017espaudimui<br \/>\n8P8C\/RJ-45,6P6C\/RJ-12,6P4C\/RJ-11,4P4C &amp; 4P2C PLUGS &amp; DEC\/OFF SET PLUG-6P6C su kabeli\u0173 testeriu \u0160is \u012frankis yra tinklinio u\u017espaudimo \u012frankis, kuriame integruotas u\u017espaudimas, kirpimas, nu\u0117mimas ir matavimas. Tai patogu, greitesn\u0117 ir efektyvesn\u0117 naudoti.<br \/>\n\u012eprasti presavimo \u012frankiai turi tik kristalin\u0117s galvut\u0117s u\u017espaudimo ir kabelio pjovimo funkcij\u0105. \u0160ioje rankenos dalyje yra nedidelis matavimo prietaisas (nuimamas), kad b\u016bt\u0173 galima patikrinti kabelio t\u0119stinum\u0105, atvir\u0105 grandin\u0119, trump\u0105j\u012f jungim\u0105 ir netinkam\u0105 laid\u0105. Galima nustatyti vienkartin\u012f ir pakartotin\u012f test\u0105;<br \/>\n\u012erankis pagamintas i\u0161 didelio kietumo ir tiksli\u0173 med\u017eiag\u0173. Tol, kol jis naudojamas teisingai, tarnavimo laikas yra labai ilgas;<br \/>\n\u012erankio rankenos dalis yra ergonomi\u0161kai suprojektuota ir pagaminta i\u0161 specialios mink\u0161tos gumos med\u017eiagos, kuri yra neslidi ir nesukelia joki\u0173 pastang\u0173.<\/p>\n<div class=\"text-tab text-tab-id-79\">\n<p>Preki\u0173 nuotraukos yra iliustracinio pob\u016bd\u017eio.<\/p>\n<\/div>\n","protected":false},"excerpt":{"rendered":"<p>Laid\u0173 testeris, repl\u0117s laid\u0173 jung\u010di\u0173 u\u017espaudimui<\/p>\n","protected":false},"featured_media":12892,"comment_status":"open","ping_status":"closed","template":"","meta":[],"product_brand":[],"product_cat":[183],"product_tag":[623],"class_list":{"0":"post-12891","1":"product","2":"type-product","3":"status-publish","4":"has-post-thumbnail","6":"product_cat-specializuotos-reples","7":"product_tag-reples","9":"first","10":"instock","11":"taxable","12":"shipping-taxable","13":"purchasable","14":"product-type-simple"},"_links":{"self":[{"href":"https:\/\/raktava.lt\/en\/wp-json\/wp\/v2\/product\/12891","targetHints":{"allow":["GET"]}}],"collection":[{"href":"https:\/\/raktava.lt\/en\/wp-json\/wp\/v2\/product"}],"about":[{"href":"https:\/\/raktava.lt\/en\/wp-json\/wp\/v2\/types\/product"}],"replies":[{"embeddable":true,"href":"https:\/\/raktava.lt\/en\/wp-json\/wp\/v2\/comments?post=12891"}],"version-history":[{"count":1,"href":"https:\/\/raktava.lt\/en\/wp-json\/wp\/v2\/product\/12891\/revisions"}],"predecessor-version":[{"id":12898,"href":"https:\/\/raktava.lt\/en\/wp-json\/wp\/v2\/product\/12891\/revisions\/12898"}],"wp:featuredmedia":[{"embeddable":true,"href":"https:\/\/raktava.lt\/en\/wp-json\/wp\/v2\/media\/12892"}],"wp:attachment":[{"href":"https:\/\/raktava.lt\/en\/wp-json\/wp\/v2\/media?parent=12891"}],"wp:term":[{"taxonomy":"product_brand","embeddable":true,"href":"https:\/\/raktava.lt\/en\/wp-json\/wp\/v2\/product_brand?post=12891"},{"taxonomy":"product_cat","embeddable":true,"href":"https:\/\/raktava.lt\/en\/wp-json\/wp\/v2\/product_cat?post=12891"},{"taxonomy":"product_tag","embeddable":true,"href":"https:\/\/raktava.lt\/en\/wp-json\/wp\/v2\/product_tag?post=12891"}],"curies":[{"name":"wp","href":"https:\/\/api.w.org\/{rel}","templated":true}]}}