{"id":12885,"date":"2024-07-22T11:56:33","date_gmt":"2024-07-22T08:56:33","guid":{"rendered":"https:\/\/raktava.lt\/?post_type=product&#038;p=12885"},"modified":"2026-03-05T13:13:16","modified_gmt":"2026-03-05T11:13:16","slug":"kaltu-ir-ismuseju-rinkinys-12vnt","status":"publish","type":"product","link":"https:\/\/raktava.lt\/en\/product\/rankiniai-irankiai\/ismusimo-iskalimo-irankiai-kaltai-ismusikliai-zymekliai-centro-zymekliai-skyliu-ismusejai\/kaltu-ir-ismuseju-rinkinys-12vnt\/","title":{"rendered":"Kalt\u0173 ir i\u0161mu\u0161\u0117j\u0173 rinkinys 12vnt."},"content":{"rendered":"<p><em>Preki\u0173 nuotraukos skirtos tik iliustraciniams tikslams ir yra pavyzdin\u0117s. Prek\u0117s apra\u0161yme esan\u010dios Video nuorodos yra tik informacinio pob\u016bd\u017eio, tod\u0117l jose pateikiama informacija gali skirtis nuo pa\u010dios prek\u0117s.<\/em><\/p>\n","protected":false},"excerpt":{"rendered":"<p>Kalt\u0173 ir i\u0161mu\u0161\u0117j\u0173 rinkinys 12vnt.<\/p>\n<pre id=\"tw-target-text\" class=\"tw-data-text tw-text-large tw-ta\" dir=\"ltr\" style=\"font-size: 16px;\" data-placeholder=\"Vertimas\" aria-label=\"I\u0161verstas tekstas\" data-ved=\"2ahUKEwicq7jjorqHAxWRBNsEHa-kNjAQ3ewLegQIBRAU\"><\/pre>\n","protected":false},"featured_media":12886,"comment_status":"open","ping_status":"closed","template":"","meta":[],"product_brand":[683],"product_cat":[61],"product_tag":[684],"class_list":{"0":"post-12885","1":"product","2":"type-product","3":"status-publish","4":"has-post-thumbnail","6":"product_brand-falon-tech","7":"product_cat-ismusimo-iskalimo-irankiai-kaltai-ismusikliai-zymekliai-centro-zymekliai-skyliu-ismusejai","8":"product_tag-kaltai","10":"first","11":"outofstock","12":"taxable","13":"shipping-taxable","14":"purchasable","15":"product-type-simple"},"_links":{"self":[{"href":"https:\/\/raktava.lt\/en\/wp-json\/wp\/v2\/product\/12885","targetHints":{"allow":["GET"]}}],"collection":[{"href":"https:\/\/raktava.lt\/en\/wp-json\/wp\/v2\/product"}],"about":[{"href":"https:\/\/raktava.lt\/en\/wp-json\/wp\/v2\/types\/product"}],"replies":[{"embeddable":true,"href":"https:\/\/raktava.lt\/en\/wp-json\/wp\/v2\/comments?post=12885"}],"version-history":[{"count":1,"href":"https:\/\/raktava.lt\/en\/wp-json\/wp\/v2\/product\/12885\/revisions"}],"predecessor-version":[{"id":12890,"href":"https:\/\/raktava.lt\/en\/wp-json\/wp\/v2\/product\/12885\/revisions\/12890"}],"wp:featuredmedia":[{"embeddable":true,"href":"https:\/\/raktava.lt\/en\/wp-json\/wp\/v2\/media\/12886"}],"wp:attachment":[{"href":"https:\/\/raktava.lt\/en\/wp-json\/wp\/v2\/media?parent=12885"}],"wp:term":[{"taxonomy":"product_brand","embeddable":true,"href":"https:\/\/raktava.lt\/en\/wp-json\/wp\/v2\/product_brand?post=12885"},{"taxonomy":"product_cat","embeddable":true,"href":"https:\/\/raktava.lt\/en\/wp-json\/wp\/v2\/product_cat?post=12885"},{"taxonomy":"product_tag","embeddable":true,"href":"https:\/\/raktava.lt\/en\/wp-json\/wp\/v2\/product_tag?post=12885"}],"curies":[{"name":"wp","href":"https:\/\/api.w.org\/{rel}","templated":true}]}}