{"id":12856,"date":"2024-07-22T11:18:21","date_gmt":"2024-07-22T08:18:21","guid":{"rendered":"https:\/\/raktava.lt\/?post_type=product&#038;p=12856"},"modified":"2025-03-31T16:07:45","modified_gmt":"2025-03-31T13:07:45","slug":"pneumatine-terksle-1-2","status":"publish","type":"product","link":"https:\/\/raktava.lt\/en\/product\/pneumatine-iranga\/pneumatiniai-verzliasukiai\/pneumatine-terksle-1-2\/","title":{"rendered":"Pneumatin\u0117 terk\u0161l\u0117 1\/2&#8243;"},"content":{"rendered":"","protected":false},"excerpt":{"rendered":"<p>Pneumatin\u0117 terk\u0161l\u0117 1\/2&#8243;<\/p>\n<ul>\n<li>Max sukimo momentas 69 Nm<\/li>\n<li>Sukimosi greitis 160 aps.\/min<\/li>\n<li>Oro \u012f\u0117jimas (PT) 1\/4&#8243;<\/li>\n<li>Oro \u017earna (ID) 3\/8&#8243;<\/li>\n<li>Darbinis sl\u0117gis 6.3 bar<\/li>\n<li>Svoris 1.23 kg<\/li>\n<\/ul>\n","protected":false},"featured_media":12857,"comment_status":"open","ping_status":"closed","template":"","meta":[],"product_brand":[],"product_cat":[213],"product_tag":[219],"class_list":{"0":"post-12856","1":"product","2":"type-product","3":"status-publish","4":"has-post-thumbnail","6":"product_cat-pneumatiniai-verzliasukiai","7":"product_tag-hymair","9":"first","10":"instock","11":"taxable","12":"shipping-taxable","13":"purchasable","14":"product-type-simple"},"_links":{"self":[{"href":"https:\/\/raktava.lt\/en\/wp-json\/wp\/v2\/product\/12856","targetHints":{"allow":["GET"]}}],"collection":[{"href":"https:\/\/raktava.lt\/en\/wp-json\/wp\/v2\/product"}],"about":[{"href":"https:\/\/raktava.lt\/en\/wp-json\/wp\/v2\/types\/product"}],"replies":[{"embeddable":true,"href":"https:\/\/raktava.lt\/en\/wp-json\/wp\/v2\/comments?post=12856"}],"version-history":[{"count":1,"href":"https:\/\/raktava.lt\/en\/wp-json\/wp\/v2\/product\/12856\/revisions"}],"predecessor-version":[{"id":12859,"href":"https:\/\/raktava.lt\/en\/wp-json\/wp\/v2\/product\/12856\/revisions\/12859"}],"wp:featuredmedia":[{"embeddable":true,"href":"https:\/\/raktava.lt\/en\/wp-json\/wp\/v2\/media\/12857"}],"wp:attachment":[{"href":"https:\/\/raktava.lt\/en\/wp-json\/wp\/v2\/media?parent=12856"}],"wp:term":[{"taxonomy":"product_brand","embeddable":true,"href":"https:\/\/raktava.lt\/en\/wp-json\/wp\/v2\/product_brand?post=12856"},{"taxonomy":"product_cat","embeddable":true,"href":"https:\/\/raktava.lt\/en\/wp-json\/wp\/v2\/product_cat?post=12856"},{"taxonomy":"product_tag","embeddable":true,"href":"https:\/\/raktava.lt\/en\/wp-json\/wp\/v2\/product_tag?post=12856"}],"curies":[{"name":"wp","href":"https:\/\/api.w.org\/{rel}","templated":true}]}}