{"id":12825,"date":"2024-07-22T10:24:21","date_gmt":"2024-07-22T07:24:21","guid":{"rendered":"https:\/\/raktava.lt\/?post_type=product&#038;p=12825"},"modified":"2025-02-17T14:24:05","modified_gmt":"2025-02-17T12:24:05","slug":"pneumatine-zarna-gumine-su-antgaliais-10x17x15-m","status":"publish","type":"product","link":"https:\/\/raktava.lt\/en\/product\/pneumatine-iranga\/pneumatines-oro-zarnos\/pneumatine-zarna-gumine-su-antgaliais-10x17x15-m\/","title":{"rendered":"Pneumatin\u0117 \u017earna gumin\u0117 su antgaliais 10x17x15 m"},"content":{"rendered":"","protected":false},"excerpt":{"rendered":"<p>Pneumatin\u0117 \u017earna gumin\u0117 su antgaliais 10x17x15 m<\/p>\n","protected":false},"featured_media":12826,"comment_status":"open","ping_status":"closed","template":"","meta":[],"product_brand":[],"product_cat":[81],"product_tag":[],"class_list":{"0":"post-12825","1":"product","2":"type-product","3":"status-publish","4":"has-post-thumbnail","6":"product_cat-pneumatines-oro-zarnos","8":"first","9":"outofstock","10":"taxable","11":"shipping-taxable","12":"purchasable","13":"product-type-simple"},"_links":{"self":[{"href":"https:\/\/raktava.lt\/en\/wp-json\/wp\/v2\/product\/12825","targetHints":{"allow":["GET"]}}],"collection":[{"href":"https:\/\/raktava.lt\/en\/wp-json\/wp\/v2\/product"}],"about":[{"href":"https:\/\/raktava.lt\/en\/wp-json\/wp\/v2\/types\/product"}],"replies":[{"embeddable":true,"href":"https:\/\/raktava.lt\/en\/wp-json\/wp\/v2\/comments?post=12825"}],"version-history":[{"count":1,"href":"https:\/\/raktava.lt\/en\/wp-json\/wp\/v2\/product\/12825\/revisions"}],"predecessor-version":[{"id":12828,"href":"https:\/\/raktava.lt\/en\/wp-json\/wp\/v2\/product\/12825\/revisions\/12828"}],"wp:featuredmedia":[{"embeddable":true,"href":"https:\/\/raktava.lt\/en\/wp-json\/wp\/v2\/media\/12826"}],"wp:attachment":[{"href":"https:\/\/raktava.lt\/en\/wp-json\/wp\/v2\/media?parent=12825"}],"wp:term":[{"taxonomy":"product_brand","embeddable":true,"href":"https:\/\/raktava.lt\/en\/wp-json\/wp\/v2\/product_brand?post=12825"},{"taxonomy":"product_cat","embeddable":true,"href":"https:\/\/raktava.lt\/en\/wp-json\/wp\/v2\/product_cat?post=12825"},{"taxonomy":"product_tag","embeddable":true,"href":"https:\/\/raktava.lt\/en\/wp-json\/wp\/v2\/product_tag?post=12825"}],"curies":[{"name":"wp","href":"https:\/\/api.w.org\/{rel}","templated":true}]}}