{"id":12815,"date":"2024-07-22T10:17:40","date_gmt":"2024-07-22T07:17:40","guid":{"rendered":"https:\/\/raktava.lt\/?post_type=product&#038;p=12815"},"modified":"2024-09-24T10:30:04","modified_gmt":"2024-09-24T07:30:04","slug":"pneumatinis-smuginis-verzliasukis-1-2-1700-nm","status":"publish","type":"product","link":"https:\/\/raktava.lt\/en\/product\/pneumatine-iranga\/pneumatiniai-verzliasukiai\/pneumatinis-smuginis-verzliasukis-1-2-1700-nm\/","title":{"rendered":"Pneumatinis sm\u016bginis ver\u017eliasukis 1\/2 1700Nm"},"content":{"rendered":"<p><strong><span style=\"vertical-align: inherit;\"><span style=\"vertical-align: inherit;\">Pneumatinis sm\u016bginis ver\u017eliasukis 1700Nm 1\/2&#8243;\u00a0<\/span><\/span><\/strong><\/p>\n<p><span style=\"vertical-align: inherit;\"><span style=\"vertical-align: inherit;\">1\/2&#8243; pneumatinis ver\u017eliaraktis, varomas susl\u0117gto oro, kurio sl\u0117gis yra 6,3 baro ir pasiekia net 1700Nm. Skirtas var\u017etams ir ver\u017el\u0117ms prisukti \/ atsukti atlikti dirbtuvi\u0173 darbus. Puikiai tinka gara\u017eams, gamykloms, padang\u0173 montavimo servisams ir autoservisams.<\/span><\/span><\/p>\n","protected":false},"excerpt":{"rendered":"<p><span style=\"vertical-align: inherit;\"><span style=\"vertical-align: inherit;\">Pneumatinis sm\u016bginis ver\u017eliasukis 1\/2&#8243; 1700 NM<\/span><\/span><\/p>\n<ul>\n<li><span style=\"vertical-align: inherit;\"><span style=\"vertical-align: inherit;\">Maksimalus sukimo momentas &#8211; 1700Nm<\/span><\/span><\/li>\n<li><span style=\"vertical-align: inherit;\"><span style=\"vertical-align: inherit;\">Apsisukimai min \/ max &#8211; maks. 7000 aps.\/min<\/span><\/span><\/li>\n<li><span style=\"vertical-align: inherit;\"><span style=\"vertical-align: inherit;\">Greitos jungties dydis (pajungimas) &#8211; 1\/4&#8243;<\/span><\/span><\/li>\n<li><span style=\"vertical-align: inherit;\"><span style=\"vertical-align: inherit;\">Oro suvartojimas &#8211; 198l\/min<\/span><\/span><\/li>\n<li><span style=\"vertical-align: inherit;\"><span style=\"vertical-align: inherit;\">Dydis galvut\u0117ms- 1\/2&#8243;<\/span><\/span><\/li>\n<li><span style=\"vertical-align: inherit;\"><span style=\"vertical-align: inherit;\">Variklio tipas &#8211; Twin hummer<\/span><\/span><\/li>\n<li><span style=\"vertical-align: inherit;\"><span style=\"vertical-align: inherit;\">Svoris &#8211; 2,0Kg<\/span><\/span><\/li>\n<li><span style=\"vertical-align: inherit;\"><span style=\"vertical-align: inherit;\">Ilgis &#8211; 190mm<\/span><\/span><\/li>\n<\/ul>\n","protected":false},"featured_media":12816,"comment_status":"open","ping_status":"closed","template":"","meta":[],"product_brand":[],"product_cat":[213],"product_tag":[165],"class_list":{"0":"post-12815","1":"product","2":"type-product","3":"status-publish","4":"has-post-thumbnail","6":"product_cat-pneumatiniai-verzliasukiai","7":"product_tag-yato","9":"first","10":"outofstock","11":"taxable","12":"shipping-taxable","13":"purchasable","14":"product-type-simple"},"_links":{"self":[{"href":"https:\/\/raktava.lt\/en\/wp-json\/wp\/v2\/product\/12815","targetHints":{"allow":["GET"]}}],"collection":[{"href":"https:\/\/raktava.lt\/en\/wp-json\/wp\/v2\/product"}],"about":[{"href":"https:\/\/raktava.lt\/en\/wp-json\/wp\/v2\/types\/product"}],"replies":[{"embeddable":true,"href":"https:\/\/raktava.lt\/en\/wp-json\/wp\/v2\/comments?post=12815"}],"version-history":[{"count":4,"href":"https:\/\/raktava.lt\/en\/wp-json\/wp\/v2\/product\/12815\/revisions"}],"predecessor-version":[{"id":14897,"href":"https:\/\/raktava.lt\/en\/wp-json\/wp\/v2\/product\/12815\/revisions\/14897"}],"wp:featuredmedia":[{"embeddable":true,"href":"https:\/\/raktava.lt\/en\/wp-json\/wp\/v2\/media\/12816"}],"wp:attachment":[{"href":"https:\/\/raktava.lt\/en\/wp-json\/wp\/v2\/media?parent=12815"}],"wp:term":[{"taxonomy":"product_brand","embeddable":true,"href":"https:\/\/raktava.lt\/en\/wp-json\/wp\/v2\/product_brand?post=12815"},{"taxonomy":"product_cat","embeddable":true,"href":"https:\/\/raktava.lt\/en\/wp-json\/wp\/v2\/product_cat?post=12815"},{"taxonomy":"product_tag","embeddable":true,"href":"https:\/\/raktava.lt\/en\/wp-json\/wp\/v2\/product_tag?post=12815"}],"curies":[{"name":"wp","href":"https:\/\/api.w.org\/{rel}","templated":true}]}}