{"id":12798,"date":"2024-07-19T15:20:05","date_gmt":"2024-07-19T12:20:05","guid":{"rendered":"https:\/\/raktava.lt\/?post_type=product&#038;p=12798"},"modified":"2025-09-23T16:43:50","modified_gmt":"2025-09-23T13:43:50","slug":"pazemintas-domkratas-2-5t-su-ratukais-ir-pedalu","status":"publish","type":"product","link":"https:\/\/raktava.lt\/en\/product\/automobiliu-remonto-irankiai\/domkratai\/hidrauliniai-domkratai-su-ratukais\/pazemintas-domkratas-2-5t-su-ratukais-ir-pedalu\/","title":{"rendered":"Pa\u017eemintas domkratas 2.5t su ratukais ir pedalu"},"content":{"rendered":"<p>\u017demas profilis<br \/>\nKeliamoji galia 2.5 t<br \/>\nMin auk\u0161tis 80 mm<br \/>\nMax auk\u0161tis 508 mm<br \/>\nNuleidimo grei\u010dio ribotuvas, kuris l\u0117tai nuleid\u017eia transporto priemon\u0119, kai domkratas yra pakrautas daugiau nei 50 kg.<br \/>\nGreitas pak\u0117limas be apkrovos<br \/>\nDvigubas k\u0117limo st\u016bmoklis<br \/>\nMatmenys 720 x 326 x 155 mm<br \/>\nSvoris 32.2 kg<br \/>\n\u012epakavimas &#8211; Kartono d\u0117\u017eut\u0117<br \/>\nAtitinka TUV, GS, CE standartus<br \/>\nPakuot\u0117s matmenys 780 x 400 x 185 mm<\/p>\n<div style=\"width: 800px;\" class=\"wp-video\"><video class=\"wp-video-shortcode\" id=\"video-12798-1\" width=\"800\" height=\"450\" preload=\"metadata\" controls=\"controls\"><source type=\"video\/mp4\" src=\"https:\/\/raktava.lt\/wp-content\/uploads\/2024\/07\/TZ830026X_VIDEO.mp4?_=1\" \/><a href=\"https:\/\/raktava.lt\/wp-content\/uploads\/2024\/07\/TZ830026X_VIDEO.mp4\">https:\/\/raktava.lt\/wp-content\/uploads\/2024\/07\/TZ830026X_VIDEO.mp4<\/a><\/video><\/div>\n","protected":false},"excerpt":{"rendered":"<p><strong>Pa\u017eemintas domkratas<\/strong> <strong>2.5t su ratukais ir pedalu:<\/strong><\/p>\n<ul>\n<li>Keliamoji galia 2.5 t<\/li>\n<li>Min auk\u0161tis 80 mm<\/li>\n<li>Max auk\u0161tis 508 mm<\/li>\n<li>Matmenys 720 x 326 x 155 mm<\/li>\n<li>Svoris 32.2 kg<\/li>\n<\/ul>\n","protected":false},"featured_media":12801,"comment_status":"open","ping_status":"closed","template":"","meta":[],"product_brand":[],"product_cat":[21],"product_tag":[285],"class_list":{"0":"post-12798","1":"product","2":"type-product","3":"status-publish","4":"has-post-thumbnail","6":"product_cat-hidrauliniai-domkratai-su-ratukais","7":"product_tag-tongrun","9":"first","10":"outofstock","11":"taxable","12":"shipping-taxable","13":"purchasable","14":"product-type-simple"},"_links":{"self":[{"href":"https:\/\/raktava.lt\/en\/wp-json\/wp\/v2\/product\/12798","targetHints":{"allow":["GET"]}}],"collection":[{"href":"https:\/\/raktava.lt\/en\/wp-json\/wp\/v2\/product"}],"about":[{"href":"https:\/\/raktava.lt\/en\/wp-json\/wp\/v2\/types\/product"}],"replies":[{"embeddable":true,"href":"https:\/\/raktava.lt\/en\/wp-json\/wp\/v2\/comments?post=12798"}],"version-history":[{"count":4,"href":"https:\/\/raktava.lt\/en\/wp-json\/wp\/v2\/product\/12798\/revisions"}],"predecessor-version":[{"id":12809,"href":"https:\/\/raktava.lt\/en\/wp-json\/wp\/v2\/product\/12798\/revisions\/12809"}],"wp:featuredmedia":[{"embeddable":true,"href":"https:\/\/raktava.lt\/en\/wp-json\/wp\/v2\/media\/12801"}],"wp:attachment":[{"href":"https:\/\/raktava.lt\/en\/wp-json\/wp\/v2\/media?parent=12798"}],"wp:term":[{"taxonomy":"product_brand","embeddable":true,"href":"https:\/\/raktava.lt\/en\/wp-json\/wp\/v2\/product_brand?post=12798"},{"taxonomy":"product_cat","embeddable":true,"href":"https:\/\/raktava.lt\/en\/wp-json\/wp\/v2\/product_cat?post=12798"},{"taxonomy":"product_tag","embeddable":true,"href":"https:\/\/raktava.lt\/en\/wp-json\/wp\/v2\/product_tag?post=12798"}],"curies":[{"name":"wp","href":"https:\/\/api.w.org\/{rel}","templated":true}]}}