{"id":12725,"date":"2024-07-12T10:11:54","date_gmt":"2024-07-12T07:11:54","guid":{"rendered":"https:\/\/raktava.lt\/?post_type=product&#038;p=12725"},"modified":"2025-02-21T09:57:29","modified_gmt":"2025-02-21T07:57:29","slug":"galvuciu-rinkinys-sugadintiems-varztams-ilgos-3-8-10-16mm-metrines-colines","status":"publish","type":"product","link":"https:\/\/raktava.lt\/en\/product\/rankiniai-irankiai\/nulauztu-varztu-smeigiu-issukejai\/sugadintu-varztu-ir-verzliu-nupjovejai\/galvuciu-rinkinys-sugadintiems-varztams-ilgos-3-8-10-16mm-metrines-colines\/","title":{"rendered":"Galvu\u010di\u0173 rinkinys sugadintiems var\u017etams ilgos 3\/8 10-16mm (metrin\u0117s\/colin\u0117s)"},"content":{"rendered":"","protected":false},"excerpt":{"rendered":"<p>Galvu\u010di\u0173 rinkinys sugadintiems var\u017etams ilgos 3\/8 10-16mm (metrin\u0117s\/colin\u0117s)<\/p>\n","protected":false},"featured_media":12726,"comment_status":"open","ping_status":"closed","template":"","meta":[],"product_brand":[],"product_cat":[140],"product_tag":[234],"class_list":{"0":"post-12725","1":"product","2":"type-product","3":"status-publish","4":"has-post-thumbnail","6":"product_cat-sugadintu-varztu-ir-verzliu-nupjovejai","7":"product_tag-essen-tools-vokietija","9":"first","10":"instock","11":"taxable","12":"shipping-taxable","13":"purchasable","14":"product-type-simple"},"_links":{"self":[{"href":"https:\/\/raktava.lt\/en\/wp-json\/wp\/v2\/product\/12725","targetHints":{"allow":["GET"]}}],"collection":[{"href":"https:\/\/raktava.lt\/en\/wp-json\/wp\/v2\/product"}],"about":[{"href":"https:\/\/raktava.lt\/en\/wp-json\/wp\/v2\/types\/product"}],"replies":[{"embeddable":true,"href":"https:\/\/raktava.lt\/en\/wp-json\/wp\/v2\/comments?post=12725"}],"version-history":[{"count":1,"href":"https:\/\/raktava.lt\/en\/wp-json\/wp\/v2\/product\/12725\/revisions"}],"predecessor-version":[{"id":12732,"href":"https:\/\/raktava.lt\/en\/wp-json\/wp\/v2\/product\/12725\/revisions\/12732"}],"wp:featuredmedia":[{"embeddable":true,"href":"https:\/\/raktava.lt\/en\/wp-json\/wp\/v2\/media\/12726"}],"wp:attachment":[{"href":"https:\/\/raktava.lt\/en\/wp-json\/wp\/v2\/media?parent=12725"}],"wp:term":[{"taxonomy":"product_brand","embeddable":true,"href":"https:\/\/raktava.lt\/en\/wp-json\/wp\/v2\/product_brand?post=12725"},{"taxonomy":"product_cat","embeddable":true,"href":"https:\/\/raktava.lt\/en\/wp-json\/wp\/v2\/product_cat?post=12725"},{"taxonomy":"product_tag","embeddable":true,"href":"https:\/\/raktava.lt\/en\/wp-json\/wp\/v2\/product_tag?post=12725"}],"curies":[{"name":"wp","href":"https:\/\/api.w.org\/{rel}","templated":true}]}}