{"id":12720,"date":"2024-07-12T10:01:32","date_gmt":"2024-07-12T07:01:32","guid":{"rendered":"https:\/\/raktava.lt\/?post_type=product&#038;p=12720"},"modified":"2025-05-23T15:01:09","modified_gmt":"2025-05-23T12:01:09","slug":"speciali-galvute-spiralinis-profilis-sraigtinis-istraukiklis-21mm","status":"publish","type":"product","link":"https:\/\/raktava.lt\/en\/product\/rankiniai-irankiai\/nulauztu-varztu-smeigiu-issukejai\/sugadintu-varztu-ir-verzliu-nupjovejai\/speciali-galvute-spiralinis-profilis-sraigtinis-istraukiklis-21mm\/","title":{"rendered":"Speciali galvut\u0117 (spiralinis profilis)\/sraigtinis i\u0161traukiklis, 21mm"},"content":{"rendered":"","protected":false},"excerpt":{"rendered":"<p>Speciali galvut\u0117 (spiralinis profilis)\/sraigtinis i\u0161traukiklis, i\u0161orinis \u0161e\u0161iakampis 21mm<\/p>\n","protected":false},"featured_media":12721,"comment_status":"open","ping_status":"closed","template":"","meta":[],"product_brand":[],"product_cat":[140],"product_tag":[529],"class_list":{"0":"post-12720","1":"product","2":"type-product","3":"status-publish","4":"has-post-thumbnail","6":"product_cat-sugadintu-varztu-ir-verzliu-nupjovejai","7":"product_tag-bgs-technic-vokietija","9":"first","10":"outofstock","11":"taxable","12":"shipping-taxable","13":"purchasable","14":"product-type-simple"},"_links":{"self":[{"href":"https:\/\/raktava.lt\/en\/wp-json\/wp\/v2\/product\/12720","targetHints":{"allow":["GET"]}}],"collection":[{"href":"https:\/\/raktava.lt\/en\/wp-json\/wp\/v2\/product"}],"about":[{"href":"https:\/\/raktava.lt\/en\/wp-json\/wp\/v2\/types\/product"}],"replies":[{"embeddable":true,"href":"https:\/\/raktava.lt\/en\/wp-json\/wp\/v2\/comments?post=12720"}],"version-history":[{"count":2,"href":"https:\/\/raktava.lt\/en\/wp-json\/wp\/v2\/product\/12720\/revisions"}],"predecessor-version":[{"id":12724,"href":"https:\/\/raktava.lt\/en\/wp-json\/wp\/v2\/product\/12720\/revisions\/12724"}],"wp:featuredmedia":[{"embeddable":true,"href":"https:\/\/raktava.lt\/en\/wp-json\/wp\/v2\/media\/12721"}],"wp:attachment":[{"href":"https:\/\/raktava.lt\/en\/wp-json\/wp\/v2\/media?parent=12720"}],"wp:term":[{"taxonomy":"product_brand","embeddable":true,"href":"https:\/\/raktava.lt\/en\/wp-json\/wp\/v2\/product_brand?post=12720"},{"taxonomy":"product_cat","embeddable":true,"href":"https:\/\/raktava.lt\/en\/wp-json\/wp\/v2\/product_cat?post=12720"},{"taxonomy":"product_tag","embeddable":true,"href":"https:\/\/raktava.lt\/en\/wp-json\/wp\/v2\/product_tag?post=12720"}],"curies":[{"name":"wp","href":"https:\/\/api.w.org\/{rel}","templated":true}]}}