{"id":12714,"date":"2024-07-12T09:56:22","date_gmt":"2024-07-12T06:56:22","guid":{"rendered":"https:\/\/raktava.lt\/?post_type=product&#038;p=12714"},"modified":"2025-02-21T09:55:00","modified_gmt":"2025-02-21T07:55:00","slug":"speciali-galvute-spiralinis-profilis-sraigtinis-istraukiklis-19mm","status":"publish","type":"product","link":"https:\/\/raktava.lt\/en\/product\/rankiniai-irankiai\/nulauztu-varztu-smeigiu-issukejai\/galvutes-ir-ju-komplektai-sugadintiems-varztams\/speciali-galvute-spiralinis-profilis-sraigtinis-istraukiklis-19mm\/","title":{"rendered":"Speciali galvut\u0117 (spiralinis profilis)\/sraigtinis i\u0161traukiklis, 19mm"},"content":{"rendered":"","protected":false},"excerpt":{"rendered":"<p>Speciali galvut\u0117 (spiralinis profilis)\/sraigtinis i\u0161traukiklis, i\u0161orinis \u0161e\u0161iakampis 19mm<\/p>\n","protected":false},"featured_media":12715,"comment_status":"open","ping_status":"closed","template":"","meta":[],"product_brand":[],"product_cat":[139],"product_tag":[529],"class_list":{"0":"post-12714","1":"product","2":"type-product","3":"status-publish","4":"has-post-thumbnail","6":"product_cat-galvutes-ir-ju-komplektai-sugadintiems-varztams","7":"product_tag-bgs-technic-vokietija","9":"first","10":"instock","11":"taxable","12":"shipping-taxable","13":"purchasable","14":"product-type-simple"},"_links":{"self":[{"href":"https:\/\/raktava.lt\/en\/wp-json\/wp\/v2\/product\/12714","targetHints":{"allow":["GET"]}}],"collection":[{"href":"https:\/\/raktava.lt\/en\/wp-json\/wp\/v2\/product"}],"about":[{"href":"https:\/\/raktava.lt\/en\/wp-json\/wp\/v2\/types\/product"}],"replies":[{"embeddable":true,"href":"https:\/\/raktava.lt\/en\/wp-json\/wp\/v2\/comments?post=12714"}],"version-history":[{"count":1,"href":"https:\/\/raktava.lt\/en\/wp-json\/wp\/v2\/product\/12714\/revisions"}],"predecessor-version":[{"id":12719,"href":"https:\/\/raktava.lt\/en\/wp-json\/wp\/v2\/product\/12714\/revisions\/12719"}],"wp:featuredmedia":[{"embeddable":true,"href":"https:\/\/raktava.lt\/en\/wp-json\/wp\/v2\/media\/12715"}],"wp:attachment":[{"href":"https:\/\/raktava.lt\/en\/wp-json\/wp\/v2\/media?parent=12714"}],"wp:term":[{"taxonomy":"product_brand","embeddable":true,"href":"https:\/\/raktava.lt\/en\/wp-json\/wp\/v2\/product_brand?post=12714"},{"taxonomy":"product_cat","embeddable":true,"href":"https:\/\/raktava.lt\/en\/wp-json\/wp\/v2\/product_cat?post=12714"},{"taxonomy":"product_tag","embeddable":true,"href":"https:\/\/raktava.lt\/en\/wp-json\/wp\/v2\/product_tag?post=12714"}],"curies":[{"name":"wp","href":"https:\/\/api.w.org\/{rel}","templated":true}]}}