{"id":12702,"date":"2024-07-11T10:18:53","date_gmt":"2024-07-11T07:18:53","guid":{"rendered":"https:\/\/raktava.lt\/?post_type=product&#038;p=12702"},"modified":"2026-03-10T15:30:47","modified_gmt":"2026-03-10T13:30:47","slug":"graztu-rinkinys-19-vnt","status":"publish","type":"product","link":"https:\/\/raktava.lt\/en\/product\/metalo-apdirbimo-irankiai\/graztai-ju-komplektai\/graztu-rinkinys-19-vnt\/","title":{"rendered":"Gr\u0105\u017et\u0173 rinkinys 19 vnt."},"content":{"rendered":"","protected":false},"excerpt":{"rendered":"<p>Gr\u0105\u017et\u0173 rinkinys:<\/p>\n<p>1 mm, 1,5 mm, 2 mm, 2,5 mm, 3 mm, 3,5 mm, 4 mm, 4,5 mm,<br \/>\n5 mm, 5,5 mm, 6 mm, 6,5 mm, 7 mm, 7,5 mm, 8 mm, 8,5<br \/>\nmm, 9 mm, 9,5 mm, 10 mm<\/p>\n<p>HSS\/M2, DIN338<\/p>\n","protected":false},"featured_media":12703,"comment_status":"open","ping_status":"closed","template":"","meta":[],"product_brand":[761],"product_cat":[220],"product_tag":[760],"class_list":{"0":"post-12702","1":"product","2":"type-product","3":"status-publish","4":"has-post-thumbnail","6":"product_brand-tolsen","7":"product_cat-graztai-ju-komplektai","8":"product_tag-graztu-rinkinys","10":"first","11":"outofstock","12":"taxable","13":"shipping-taxable","14":"purchasable","15":"product-type-simple"},"_links":{"self":[{"href":"https:\/\/raktava.lt\/en\/wp-json\/wp\/v2\/product\/12702","targetHints":{"allow":["GET"]}}],"collection":[{"href":"https:\/\/raktava.lt\/en\/wp-json\/wp\/v2\/product"}],"about":[{"href":"https:\/\/raktava.lt\/en\/wp-json\/wp\/v2\/types\/product"}],"replies":[{"embeddable":true,"href":"https:\/\/raktava.lt\/en\/wp-json\/wp\/v2\/comments?post=12702"}],"version-history":[{"count":2,"href":"https:\/\/raktava.lt\/en\/wp-json\/wp\/v2\/product\/12702\/revisions"}],"predecessor-version":[{"id":17176,"href":"https:\/\/raktava.lt\/en\/wp-json\/wp\/v2\/product\/12702\/revisions\/17176"}],"wp:featuredmedia":[{"embeddable":true,"href":"https:\/\/raktava.lt\/en\/wp-json\/wp\/v2\/media\/12703"}],"wp:attachment":[{"href":"https:\/\/raktava.lt\/en\/wp-json\/wp\/v2\/media?parent=12702"}],"wp:term":[{"taxonomy":"product_brand","embeddable":true,"href":"https:\/\/raktava.lt\/en\/wp-json\/wp\/v2\/product_brand?post=12702"},{"taxonomy":"product_cat","embeddable":true,"href":"https:\/\/raktava.lt\/en\/wp-json\/wp\/v2\/product_cat?post=12702"},{"taxonomy":"product_tag","embeddable":true,"href":"https:\/\/raktava.lt\/en\/wp-json\/wp\/v2\/product_tag?post=12702"}],"curies":[{"name":"wp","href":"https:\/\/api.w.org\/{rel}","templated":true}]}}