{"id":12697,"date":"2024-07-11T10:08:03","date_gmt":"2024-07-11T07:08:03","guid":{"rendered":"https:\/\/raktava.lt\/?post_type=product&#038;p=12697"},"modified":"2025-04-24T12:45:41","modified_gmt":"2025-04-24T09:45:41","slug":"centravimo-graztas-hss-din333a","status":"publish","type":"product","link":"https:\/\/raktava.lt\/en\/product\/metalo-apdirbimo-irankiai\/graztai-ju-komplektai\/centravimo-graztas-hss-din333a\/","title":{"rendered":"Centravimo gr\u0105\u017etas HSS DIN333A"},"content":{"rendered":"","protected":false},"excerpt":{"rendered":"<p>Centravimo gr\u0105\u017etas:<\/p>\n<ul>\n<li>A formos<\/li>\n<li>Med\u017eiaga &#8211; greitapjovis plienas HSS. Padengimas \u0161viesus TiN<\/li>\n<li>Centravimo kiaurymi\u0173 suformavimui<\/li>\n<\/ul>\n","protected":false},"featured_media":12698,"comment_status":"open","ping_status":"closed","template":"","meta":[],"product_brand":[],"product_cat":[220],"product_tag":[762],"class_list":{"0":"post-12697","1":"product","2":"type-product","3":"status-publish","4":"has-post-thumbnail","6":"product_cat-graztai-ju-komplektai","7":"product_tag-centravimo-graztas","9":"first","10":"instock","11":"taxable","12":"shipping-taxable","13":"purchasable","14":"product-type-simple"},"_links":{"self":[{"href":"https:\/\/raktava.lt\/en\/wp-json\/wp\/v2\/product\/12697","targetHints":{"allow":["GET"]}}],"collection":[{"href":"https:\/\/raktava.lt\/en\/wp-json\/wp\/v2\/product"}],"about":[{"href":"https:\/\/raktava.lt\/en\/wp-json\/wp\/v2\/types\/product"}],"replies":[{"embeddable":true,"href":"https:\/\/raktava.lt\/en\/wp-json\/wp\/v2\/comments?post=12697"}],"version-history":[{"count":2,"href":"https:\/\/raktava.lt\/en\/wp-json\/wp\/v2\/product\/12697\/revisions"}],"predecessor-version":[{"id":12701,"href":"https:\/\/raktava.lt\/en\/wp-json\/wp\/v2\/product\/12697\/revisions\/12701"}],"wp:featuredmedia":[{"embeddable":true,"href":"https:\/\/raktava.lt\/en\/wp-json\/wp\/v2\/media\/12698"}],"wp:attachment":[{"href":"https:\/\/raktava.lt\/en\/wp-json\/wp\/v2\/media?parent=12697"}],"wp:term":[{"taxonomy":"product_brand","embeddable":true,"href":"https:\/\/raktava.lt\/en\/wp-json\/wp\/v2\/product_brand?post=12697"},{"taxonomy":"product_cat","embeddable":true,"href":"https:\/\/raktava.lt\/en\/wp-json\/wp\/v2\/product_cat?post=12697"},{"taxonomy":"product_tag","embeddable":true,"href":"https:\/\/raktava.lt\/en\/wp-json\/wp\/v2\/product_tag?post=12697"}],"curies":[{"name":"wp","href":"https:\/\/api.w.org\/{rel}","templated":true}]}}