{"id":12689,"date":"2024-07-11T10:03:55","date_gmt":"2024-07-11T07:03:55","guid":{"rendered":"https:\/\/raktava.lt\/?post_type=product&#038;p=12689"},"modified":"2025-04-24T12:47:21","modified_gmt":"2025-04-24T09:47:21","slug":"graztu-rinkinys-hss-titano-nitridas-1-10mm-170vnt","status":"publish","type":"product","link":"https:\/\/raktava.lt\/en\/product\/metalo-apdirbimo-irankiai\/graztai-ju-komplektai\/graztu-rinkinys-hss-titano-nitridas-1-10mm-170vnt\/","title":{"rendered":"Gr\u0105\u017et\u0173 rinkinys HSS, titano nitridas, 1-10mm 170vnt."},"content":{"rendered":"","protected":false},"excerpt":{"rendered":"<p>Gr\u0105\u017et\u0173 rinkinys HSS<\/p>\n","protected":false},"featured_media":12690,"comment_status":"open","ping_status":"closed","template":"","meta":[],"product_brand":[752],"product_cat":[220],"product_tag":[760],"class_list":{"0":"post-12689","1":"product","2":"type-product","3":"status-publish","4":"has-post-thumbnail","6":"product_brand-geko","7":"product_cat-graztai-ju-komplektai","8":"product_tag-graztu-rinkinys","10":"first","11":"instock","12":"taxable","13":"shipping-taxable","14":"purchasable","15":"product-type-simple"},"_links":{"self":[{"href":"https:\/\/raktava.lt\/en\/wp-json\/wp\/v2\/product\/12689","targetHints":{"allow":["GET"]}}],"collection":[{"href":"https:\/\/raktava.lt\/en\/wp-json\/wp\/v2\/product"}],"about":[{"href":"https:\/\/raktava.lt\/en\/wp-json\/wp\/v2\/types\/product"}],"replies":[{"embeddable":true,"href":"https:\/\/raktava.lt\/en\/wp-json\/wp\/v2\/comments?post=12689"}],"version-history":[{"count":1,"href":"https:\/\/raktava.lt\/en\/wp-json\/wp\/v2\/product\/12689\/revisions"}],"predecessor-version":[{"id":12696,"href":"https:\/\/raktava.lt\/en\/wp-json\/wp\/v2\/product\/12689\/revisions\/12696"}],"wp:featuredmedia":[{"embeddable":true,"href":"https:\/\/raktava.lt\/en\/wp-json\/wp\/v2\/media\/12690"}],"wp:attachment":[{"href":"https:\/\/raktava.lt\/en\/wp-json\/wp\/v2\/media?parent=12689"}],"wp:term":[{"taxonomy":"product_brand","embeddable":true,"href":"https:\/\/raktava.lt\/en\/wp-json\/wp\/v2\/product_brand?post=12689"},{"taxonomy":"product_cat","embeddable":true,"href":"https:\/\/raktava.lt\/en\/wp-json\/wp\/v2\/product_cat?post=12689"},{"taxonomy":"product_tag","embeddable":true,"href":"https:\/\/raktava.lt\/en\/wp-json\/wp\/v2\/product_tag?post=12689"}],"curies":[{"name":"wp","href":"https:\/\/api.w.org\/{rel}","templated":true}]}}