{"id":12650,"date":"2024-07-10T16:05:53","date_gmt":"2024-07-10T13:05:53","guid":{"rendered":"https:\/\/raktava.lt\/?post_type=product&#038;p=12650"},"modified":"2025-04-23T15:54:06","modified_gmt":"2025-04-23T12:54:06","slug":"veidrodeli-su-led-apsvietimu-285-870mm","status":"publish","type":"product","link":"https:\/\/raktava.lt\/en\/product\/automobiliu-remonto-irankiai\/magnetiniai-irankiai-griebtuvai-magnetai-veidrodeliai-pincetai\/veidrodeli-su-led-apsvietimu-285-870mm\/","title":{"rendered":"Veidrod\u0117li su LED ap\u0161vietimu 285-870mm"},"content":{"rendered":"","protected":false},"excerpt":{"rendered":"<p>Veidrod\u0117li su LED ap\u0161vietimu 285-870mm<\/p>\n<ul>\n<li id=\"tw-target-text\" class=\"tw-data-text tw-text-large tw-ta\" dir=\"ltr\" data-placeholder=\"Vertimas\" aria-label=\"I\u0161verstas tekstas\" data-ved=\"2ahUKEwintKfow5yHAxVRiv0HHUY9CXcQ3ewLegQIBRAU\"><span class=\"Y2IQFc\" lang=\"lt\">neslystanti teleskopin\u0117 rankena <\/span><\/li>\n<li class=\"tw-data-text tw-text-large tw-ta\" dir=\"ltr\" data-placeholder=\"Vertimas\" aria-label=\"I\u0161verstas tekstas\" data-ved=\"2ahUKEwintKfow5yHAxVRiv0HHUY9CXcQ3ewLegQIBRAU\"><span class=\"Y2IQFc\" lang=\"lt\">besisukantys ir sulankstomi veidrod\u017eiai <\/span><\/li>\n<li class=\"tw-data-text tw-text-large tw-ta\" dir=\"ltr\" data-placeholder=\"Vertimas\" aria-label=\"I\u0161verstas tekstas\" data-ved=\"2ahUKEwintKfow5yHAxVRiv0HHUY9CXcQ3ewLegQIBRAU\"><span class=\"Y2IQFc\" lang=\"lt\">veidrod\u017eio dydis: 41 x 62 mm<\/span><\/li>\n<li class=\"tw-data-text tw-text-large tw-ta\" dir=\"ltr\" data-placeholder=\"Vertimas\" aria-label=\"I\u0161verstas tekstas\" data-ved=\"2ahUKEwintKfow5yHAxVRiv0HHUY9CXcQ3ewLegQIBRAU\"><span class=\"Y2IQFc\" lang=\"lt\">2 \u0161viesos diodai \u012fskaitant baterija <\/span><\/li>\n<li class=\"tw-data-text tw-text-large tw-ta\" dir=\"ltr\" data-placeholder=\"Vertimas\" aria-label=\"I\u0161verstas tekstas\" data-ved=\"2ahUKEwintKfow5yHAxVRiv0HHUY9CXcQ3ewLegQIBRAU\"><span class=\"Y2IQFc\" lang=\"lt\">Bruto svoris 120 g <\/span><\/li>\n<li class=\"tw-data-text tw-text-large tw-ta\" dir=\"ltr\" data-placeholder=\"Vertimas\" aria-label=\"I\u0161verstas tekstas\" data-ved=\"2ahUKEwintKfow5yHAxVRiv0HHUY9CXcQ3ewLegQIBRAU\"><span class=\"Y2IQFc\" lang=\"lt\">Ilgis 285 &#8211; 870 mm<\/span><\/li>\n<\/ul>\n","protected":false},"featured_media":12651,"comment_status":"open","ping_status":"closed","template":"","meta":[],"product_brand":[571],"product_cat":[132],"product_tag":[702],"class_list":{"0":"post-12650","1":"product","2":"type-product","3":"status-publish","4":"has-post-thumbnail","6":"product_brand-bgs-technic-germany","7":"product_cat-magnetiniai-irankiai-griebtuvai-magnetai-veidrodeliai-pincetai","8":"product_tag-veidrodelis","10":"first","11":"instock","12":"taxable","13":"shipping-taxable","14":"purchasable","15":"product-type-simple"},"_links":{"self":[{"href":"https:\/\/raktava.lt\/en\/wp-json\/wp\/v2\/product\/12650","targetHints":{"allow":["GET"]}}],"collection":[{"href":"https:\/\/raktava.lt\/en\/wp-json\/wp\/v2\/product"}],"about":[{"href":"https:\/\/raktava.lt\/en\/wp-json\/wp\/v2\/types\/product"}],"replies":[{"embeddable":true,"href":"https:\/\/raktava.lt\/en\/wp-json\/wp\/v2\/comments?post=12650"}],"version-history":[{"count":1,"href":"https:\/\/raktava.lt\/en\/wp-json\/wp\/v2\/product\/12650\/revisions"}],"predecessor-version":[{"id":12661,"href":"https:\/\/raktava.lt\/en\/wp-json\/wp\/v2\/product\/12650\/revisions\/12661"}],"wp:featuredmedia":[{"embeddable":true,"href":"https:\/\/raktava.lt\/en\/wp-json\/wp\/v2\/media\/12651"}],"wp:attachment":[{"href":"https:\/\/raktava.lt\/en\/wp-json\/wp\/v2\/media?parent=12650"}],"wp:term":[{"taxonomy":"product_brand","embeddable":true,"href":"https:\/\/raktava.lt\/en\/wp-json\/wp\/v2\/product_brand?post=12650"},{"taxonomy":"product_cat","embeddable":true,"href":"https:\/\/raktava.lt\/en\/wp-json\/wp\/v2\/product_cat?post=12650"},{"taxonomy":"product_tag","embeddable":true,"href":"https:\/\/raktava.lt\/en\/wp-json\/wp\/v2\/product_tag?post=12650"}],"curies":[{"name":"wp","href":"https:\/\/api.w.org\/{rel}","templated":true}]}}