{"id":12627,"date":"2024-07-10T15:08:38","date_gmt":"2024-07-10T12:08:38","guid":{"rendered":"https:\/\/raktava.lt\/?post_type=product&#038;p=12627"},"modified":"2025-03-25T16:50:00","modified_gmt":"2025-03-25T14:50:00","slug":"magnetine-dezute-120x190mm-15-skyriu","status":"publish","type":"product","link":"https:\/\/raktava.lt\/en\/product\/automobiliu-remonto-irankiai\/magnetiniai-irankiai-griebtuvai-magnetai-veidrodeliai-pincetai\/magnetine-dezute-120x190mm-15-skyriu\/","title":{"rendered":"Magnetin\u0117 d\u0117\u017eut\u0117 120x190mm (15 skyri\u0173)"},"content":{"rendered":"","protected":false},"excerpt":{"rendered":"<p>Magnetin\u0117 d\u0117\u017eut\u0117 120x190mm<\/p>\n","protected":false},"featured_media":12628,"comment_status":"open","ping_status":"closed","template":"","meta":[],"product_brand":[571],"product_cat":[132],"product_tag":[632,700],"class_list":{"0":"post-12627","1":"product","2":"type-product","3":"status-publish","4":"has-post-thumbnail","6":"product_brand-bgs-technic-germany","7":"product_cat-magnetiniai-irankiai-griebtuvai-magnetai-veidrodeliai-pincetai","8":"product_tag-magnetiniai-indai","9":"product_tag-magnetiniai-irankiai","11":"first","12":"instock","13":"taxable","14":"shipping-taxable","15":"purchasable","16":"product-type-simple"},"_links":{"self":[{"href":"https:\/\/raktava.lt\/en\/wp-json\/wp\/v2\/product\/12627","targetHints":{"allow":["GET"]}}],"collection":[{"href":"https:\/\/raktava.lt\/en\/wp-json\/wp\/v2\/product"}],"about":[{"href":"https:\/\/raktava.lt\/en\/wp-json\/wp\/v2\/types\/product"}],"replies":[{"embeddable":true,"href":"https:\/\/raktava.lt\/en\/wp-json\/wp\/v2\/comments?post=12627"}],"version-history":[{"count":1,"href":"https:\/\/raktava.lt\/en\/wp-json\/wp\/v2\/product\/12627\/revisions"}],"predecessor-version":[{"id":12634,"href":"https:\/\/raktava.lt\/en\/wp-json\/wp\/v2\/product\/12627\/revisions\/12634"}],"wp:featuredmedia":[{"embeddable":true,"href":"https:\/\/raktava.lt\/en\/wp-json\/wp\/v2\/media\/12628"}],"wp:attachment":[{"href":"https:\/\/raktava.lt\/en\/wp-json\/wp\/v2\/media?parent=12627"}],"wp:term":[{"taxonomy":"product_brand","embeddable":true,"href":"https:\/\/raktava.lt\/en\/wp-json\/wp\/v2\/product_brand?post=12627"},{"taxonomy":"product_cat","embeddable":true,"href":"https:\/\/raktava.lt\/en\/wp-json\/wp\/v2\/product_cat?post=12627"},{"taxonomy":"product_tag","embeddable":true,"href":"https:\/\/raktava.lt\/en\/wp-json\/wp\/v2\/product_tag?post=12627"}],"curies":[{"name":"wp","href":"https:\/\/api.w.org\/{rel}","templated":true}]}}