{"id":12614,"date":"2024-07-10T15:00:56","date_gmt":"2024-07-10T12:00:56","guid":{"rendered":"https:\/\/raktava.lt\/?post_type=product&#038;p=12614"},"modified":"2025-03-25T16:45:28","modified_gmt":"2025-03-25T14:45:28","slug":"spyruokliu-suspaudejas-vidinis-2","status":"publish","type":"product","link":"https:\/\/raktava.lt\/en\/product\/automobiliu-remonto-irankiai\/vaziuokles-remonto-irankiai\/spyruokliu-suspaudejai\/spyruokliu-suspaudejas-vidinis-2\/","title":{"rendered":"Spyruokli\u0173 suspaud\u0117jas vidinis"},"content":{"rendered":"","protected":false},"excerpt":{"rendered":"<p>Spyruokli\u0173 suspaud\u0117jas vidinis<\/p>\n<p>Max darbin\u0117 eiga 300 mm<br \/>\nTvirtos CR-V konstrukcijos<br \/>\nLeid\u017eia tolygiai ir saugiai suspausti spyruokles<\/p>\n","protected":false},"featured_media":12617,"comment_status":"open","ping_status":"closed","template":"","meta":[],"product_brand":[],"product_cat":[69],"product_tag":[699],"class_list":{"0":"post-12614","1":"product","2":"type-product","3":"status-publish","4":"has-post-thumbnail","6":"product_cat-spyruokliu-suspaudejai","7":"product_tag-spyruokliu-suspaudejas","9":"first","10":"instock","11":"taxable","12":"shipping-taxable","13":"purchasable","14":"product-type-simple"},"_links":{"self":[{"href":"https:\/\/raktava.lt\/en\/wp-json\/wp\/v2\/product\/12614","targetHints":{"allow":["GET"]}}],"collection":[{"href":"https:\/\/raktava.lt\/en\/wp-json\/wp\/v2\/product"}],"about":[{"href":"https:\/\/raktava.lt\/en\/wp-json\/wp\/v2\/types\/product"}],"replies":[{"embeddable":true,"href":"https:\/\/raktava.lt\/en\/wp-json\/wp\/v2\/comments?post=12614"}],"version-history":[{"count":1,"href":"https:\/\/raktava.lt\/en\/wp-json\/wp\/v2\/product\/12614\/revisions"}],"predecessor-version":[{"id":12621,"href":"https:\/\/raktava.lt\/en\/wp-json\/wp\/v2\/product\/12614\/revisions\/12621"}],"wp:featuredmedia":[{"embeddable":true,"href":"https:\/\/raktava.lt\/en\/wp-json\/wp\/v2\/media\/12617"}],"wp:attachment":[{"href":"https:\/\/raktava.lt\/en\/wp-json\/wp\/v2\/media?parent=12614"}],"wp:term":[{"taxonomy":"product_brand","embeddable":true,"href":"https:\/\/raktava.lt\/en\/wp-json\/wp\/v2\/product_brand?post=12614"},{"taxonomy":"product_cat","embeddable":true,"href":"https:\/\/raktava.lt\/en\/wp-json\/wp\/v2\/product_cat?post=12614"},{"taxonomy":"product_tag","embeddable":true,"href":"https:\/\/raktava.lt\/en\/wp-json\/wp\/v2\/product_tag?post=12614"}],"curies":[{"name":"wp","href":"https:\/\/api.w.org\/{rel}","templated":true}]}}