{"id":12606,"date":"2024-07-10T14:56:19","date_gmt":"2024-07-10T11:56:19","guid":{"rendered":"https:\/\/raktava.lt\/?post_type=product&#038;p=12606"},"modified":"2025-03-25T16:44:28","modified_gmt":"2025-03-25T14:44:28","slug":"mantiruociu-rinkinys-4-vnt","status":"publish","type":"product","link":"https:\/\/raktava.lt\/en\/product\/automobiliu-remonto-irankiai\/vaziuokles-remonto-irankiai\/montiruotes-svertai\/mantiruociu-rinkinys-4-vnt\/","title":{"rendered":"Mantiruo\u010di\u0173 rinkinys (4 vnt.)"},"content":{"rendered":"","protected":false},"excerpt":{"rendered":"<p>Mantiruo\u010di\u0173 rinkinys:<\/p>\n<p>Ilgiai: 200, 300, 450 ir 600 mm<\/p>\n","protected":false},"featured_media":12607,"comment_status":"open","ping_status":"closed","template":"","meta":[],"product_brand":[560],"product_cat":[247],"product_tag":[698,697],"class_list":{"0":"post-12606","1":"product","2":"type-product","3":"status-publish","4":"has-post-thumbnail","6":"product_brand-essen-tools-germany","7":"product_cat-montiruotes-svertai","8":"product_tag-lauztuvas","9":"product_tag-mantiruote","11":"first","12":"instock","13":"taxable","14":"shipping-taxable","15":"purchasable","16":"product-type-simple"},"_links":{"self":[{"href":"https:\/\/raktava.lt\/en\/wp-json\/wp\/v2\/product\/12606","targetHints":{"allow":["GET"]}}],"collection":[{"href":"https:\/\/raktava.lt\/en\/wp-json\/wp\/v2\/product"}],"about":[{"href":"https:\/\/raktava.lt\/en\/wp-json\/wp\/v2\/types\/product"}],"replies":[{"embeddable":true,"href":"https:\/\/raktava.lt\/en\/wp-json\/wp\/v2\/comments?post=12606"}],"version-history":[{"count":1,"href":"https:\/\/raktava.lt\/en\/wp-json\/wp\/v2\/product\/12606\/revisions"}],"predecessor-version":[{"id":12613,"href":"https:\/\/raktava.lt\/en\/wp-json\/wp\/v2\/product\/12606\/revisions\/12613"}],"wp:featuredmedia":[{"embeddable":true,"href":"https:\/\/raktava.lt\/en\/wp-json\/wp\/v2\/media\/12607"}],"wp:attachment":[{"href":"https:\/\/raktava.lt\/en\/wp-json\/wp\/v2\/media?parent=12606"}],"wp:term":[{"taxonomy":"product_brand","embeddable":true,"href":"https:\/\/raktava.lt\/en\/wp-json\/wp\/v2\/product_brand?post=12606"},{"taxonomy":"product_cat","embeddable":true,"href":"https:\/\/raktava.lt\/en\/wp-json\/wp\/v2\/product_cat?post=12606"},{"taxonomy":"product_tag","embeddable":true,"href":"https:\/\/raktava.lt\/en\/wp-json\/wp\/v2\/product_tag?post=12606"}],"curies":[{"name":"wp","href":"https:\/\/api.w.org\/{rel}","templated":true}]}}