{"id":12588,"date":"2024-07-10T09:45:58","date_gmt":"2024-07-10T06:45:58","guid":{"rendered":"https:\/\/raktava.lt\/?post_type=product&#038;p=12588"},"modified":"2024-12-10T13:06:57","modified_gmt":"2024-12-10T11:06:57","slug":"smugine-galvute-ratams-su-apsauga-1-2-17mm","status":"publish","type":"product","link":"https:\/\/raktava.lt\/en\/product\/rankiniai-irankiai\/galvutes-galvuciu-komplektai-laikikliai-galvutems\/1-2-galvutes-smugines\/smugine-galvute-ratams-su-apsauga-1-2-17mm\/","title":{"rendered":"Sm\u016bgin\u0117 galvut\u0117 ratams su apsauga 1\/2 17mm"},"content":{"rendered":"","protected":false},"excerpt":{"rendered":"<p><span style=\"vertical-align: inherit;\"><span style=\"vertical-align: inherit;\">Sm\u016bgin\u0117 galvut\u0117 ratams su apsauga 1\/2 17mm<\/span><\/span><\/p>\n","protected":false},"featured_media":12589,"comment_status":"open","ping_status":"closed","template":"","meta":[],"product_brand":[],"product_cat":[46,50],"product_tag":[76],"class_list":{"0":"post-12588","1":"product","2":"type-product","3":"status-publish","4":"has-post-thumbnail","6":"product_cat-1-2-galvutes-smugines","7":"product_cat-1-2-galvutes-ir-ju-komplektai","8":"product_tag-condor-werkzeug-vokietija","10":"first","11":"outofstock","12":"taxable","13":"shipping-taxable","14":"purchasable","15":"product-type-simple"},"_links":{"self":[{"href":"https:\/\/raktava.lt\/en\/wp-json\/wp\/v2\/product\/12588","targetHints":{"allow":["GET"]}}],"collection":[{"href":"https:\/\/raktava.lt\/en\/wp-json\/wp\/v2\/product"}],"about":[{"href":"https:\/\/raktava.lt\/en\/wp-json\/wp\/v2\/types\/product"}],"replies":[{"embeddable":true,"href":"https:\/\/raktava.lt\/en\/wp-json\/wp\/v2\/comments?post=12588"}],"version-history":[{"count":2,"href":"https:\/\/raktava.lt\/en\/wp-json\/wp\/v2\/product\/12588\/revisions"}],"predecessor-version":[{"id":12594,"href":"https:\/\/raktava.lt\/en\/wp-json\/wp\/v2\/product\/12588\/revisions\/12594"}],"wp:featuredmedia":[{"embeddable":true,"href":"https:\/\/raktava.lt\/en\/wp-json\/wp\/v2\/media\/12589"}],"wp:attachment":[{"href":"https:\/\/raktava.lt\/en\/wp-json\/wp\/v2\/media?parent=12588"}],"wp:term":[{"taxonomy":"product_brand","embeddable":true,"href":"https:\/\/raktava.lt\/en\/wp-json\/wp\/v2\/product_brand?post=12588"},{"taxonomy":"product_cat","embeddable":true,"href":"https:\/\/raktava.lt\/en\/wp-json\/wp\/v2\/product_cat?post=12588"},{"taxonomy":"product_tag","embeddable":true,"href":"https:\/\/raktava.lt\/en\/wp-json\/wp\/v2\/product_tag?post=12588"}],"curies":[{"name":"wp","href":"https:\/\/api.w.org\/{rel}","templated":true}]}}