{"id":12570,"date":"2024-07-08T12:09:36","date_gmt":"2024-07-08T09:09:36","guid":{"rendered":"https:\/\/raktava.lt\/?post_type=product&#038;p=12570"},"modified":"2026-03-23T13:29:25","modified_gmt":"2026-03-23T11:29:25","slug":"hidraulinis-domkratas-15-0t-hmin-max-227-457mm","status":"publish","type":"product","link":"https:\/\/raktava.lt\/en\/product\/automobiliu-remonto-irankiai\/domkratai\/hidrauliniai-domkratai\/hidraulinis-domkratas-15-0t-hmin-max-227-457mm\/","title":{"rendered":"Hidraulinis domkratas 15.0t, Hmin\/max-227\/457mm"},"content":{"rendered":"","protected":false},"excerpt":{"rendered":"<p>Hidraulinis domkratas 15.0t<\/p>\n<p><span style=\"vertical-align: inherit;\"><span style=\"vertical-align: inherit;\">Suvirinimo si\u016bl\u0117s apsaugotos nuo alyvos nuot\u0117kio <\/span><\/span><br \/>\n<span style=\"vertical-align: inherit;\"><span style=\"vertical-align: inherit;\">Atitinka TUV, GS, CE standartus<\/span><\/span><\/p>\n","protected":false},"featured_media":12573,"comment_status":"open","ping_status":"closed","template":"","meta":[],"product_brand":[1813],"product_cat":[226],"product_tag":[2139,2138,2140],"class_list":{"0":"post-12570","1":"product","2":"type-product","3":"status-publish","4":"has-post-thumbnail","6":"product_brand-tongrun","7":"product_cat-hidrauliniai-domkratai","8":"product_tag-15t","9":"product_tag-hidraulinis-domkratas","10":"product_tag-th91504","12":"first","13":"instock","14":"taxable","15":"shipping-taxable","16":"purchasable","17":"product-type-simple"},"_links":{"self":[{"href":"https:\/\/raktava.lt\/en\/wp-json\/wp\/v2\/product\/12570","targetHints":{"allow":["GET"]}}],"collection":[{"href":"https:\/\/raktava.lt\/en\/wp-json\/wp\/v2\/product"}],"about":[{"href":"https:\/\/raktava.lt\/en\/wp-json\/wp\/v2\/types\/product"}],"replies":[{"embeddable":true,"href":"https:\/\/raktava.lt\/en\/wp-json\/wp\/v2\/comments?post=12570"}],"version-history":[{"count":3,"href":"https:\/\/raktava.lt\/en\/wp-json\/wp\/v2\/product\/12570\/revisions"}],"predecessor-version":[{"id":12581,"href":"https:\/\/raktava.lt\/en\/wp-json\/wp\/v2\/product\/12570\/revisions\/12581"}],"wp:featuredmedia":[{"embeddable":true,"href":"https:\/\/raktava.lt\/en\/wp-json\/wp\/v2\/media\/12573"}],"wp:attachment":[{"href":"https:\/\/raktava.lt\/en\/wp-json\/wp\/v2\/media?parent=12570"}],"wp:term":[{"taxonomy":"product_brand","embeddable":true,"href":"https:\/\/raktava.lt\/en\/wp-json\/wp\/v2\/product_brand?post=12570"},{"taxonomy":"product_cat","embeddable":true,"href":"https:\/\/raktava.lt\/en\/wp-json\/wp\/v2\/product_cat?post=12570"},{"taxonomy":"product_tag","embeddable":true,"href":"https:\/\/raktava.lt\/en\/wp-json\/wp\/v2\/product_tag?post=12570"}],"curies":[{"name":"wp","href":"https:\/\/api.w.org\/{rel}","templated":true}]}}