{"id":12557,"date":"2024-07-05T10:22:48","date_gmt":"2024-07-05T07:22:48","guid":{"rendered":"https:\/\/raktava.lt\/?post_type=product&#038;p=12557"},"modified":"2025-07-31T13:46:54","modified_gmt":"2025-07-31T10:46:54","slug":"grandinine-gerve-2t","status":"publish","type":"product","link":"https:\/\/raktava.lt\/en\/product\/automobiliu-remonto-irankiai\/kelimo-traukimo-iranga-ir-priedai\/grandinine-gerve-2t\/","title":{"rendered":"Grandinin\u0117 gerv\u0117 2T"},"content":{"rendered":"<p>Lengvos paskirties<br \/>\nKeliamoji galia 2.0 t<br \/>\nK\u0117limo auk\u0161tis 3.0 m<br \/>\nGrandin\u0117s \u00d8 6 mm<br \/>\nMaksimali k\u0117limo apkrova eksploatacijos metu neturi vir\u0161yti 85% vardin\u0117s keliamosios galios<br \/>\nSvoris 17.0 kg<\/p>\n","protected":false},"excerpt":{"rendered":"<p>Grandinin\u0117 gerv\u0117 2T<\/p>\n<p>&nbsp;<\/p>\n","protected":false},"featured_media":12558,"comment_status":"open","ping_status":"closed","template":"","meta":[],"product_brand":[919],"product_cat":[32],"product_tag":[920],"class_list":{"0":"post-12557","1":"product","2":"type-product","3":"status-publish","4":"has-post-thumbnail","6":"product_brand-toho","7":"product_cat-kelimo-traukimo-iranga-ir-priedai","8":"product_tag-grandinine-gerve","10":"first","11":"instock","12":"taxable","13":"shipping-taxable","14":"purchasable","15":"product-type-simple"},"_links":{"self":[{"href":"https:\/\/raktava.lt\/en\/wp-json\/wp\/v2\/product\/12557","targetHints":{"allow":["GET"]}}],"collection":[{"href":"https:\/\/raktava.lt\/en\/wp-json\/wp\/v2\/product"}],"about":[{"href":"https:\/\/raktava.lt\/en\/wp-json\/wp\/v2\/types\/product"}],"replies":[{"embeddable":true,"href":"https:\/\/raktava.lt\/en\/wp-json\/wp\/v2\/comments?post=12557"}],"version-history":[{"count":2,"href":"https:\/\/raktava.lt\/en\/wp-json\/wp\/v2\/product\/12557\/revisions"}],"predecessor-version":[{"id":17955,"href":"https:\/\/raktava.lt\/en\/wp-json\/wp\/v2\/product\/12557\/revisions\/17955"}],"wp:featuredmedia":[{"embeddable":true,"href":"https:\/\/raktava.lt\/en\/wp-json\/wp\/v2\/media\/12558"}],"wp:attachment":[{"href":"https:\/\/raktava.lt\/en\/wp-json\/wp\/v2\/media?parent=12557"}],"wp:term":[{"taxonomy":"product_brand","embeddable":true,"href":"https:\/\/raktava.lt\/en\/wp-json\/wp\/v2\/product_brand?post=12557"},{"taxonomy":"product_cat","embeddable":true,"href":"https:\/\/raktava.lt\/en\/wp-json\/wp\/v2\/product_cat?post=12557"},{"taxonomy":"product_tag","embeddable":true,"href":"https:\/\/raktava.lt\/en\/wp-json\/wp\/v2\/product_tag?post=12557"}],"curies":[{"name":"wp","href":"https:\/\/api.w.org\/{rel}","templated":true}]}}