{"id":12547,"date":"2024-07-05T10:10:01","date_gmt":"2024-07-05T07:10:01","guid":{"rendered":"https:\/\/raktava.lt\/?post_type=product&#038;p=12547"},"modified":"2025-03-24T09:36:56","modified_gmt":"2025-03-24T07:36:56","slug":"pastatomas-domkratas-3t-2vnt","status":"publish","type":"product","link":"https:\/\/raktava.lt\/en\/product\/automobiliu-remonto-irankiai\/stovai-atramos\/pastatomas-domkratas-3t-2vnt\/","title":{"rendered":"Pastatomas domkratas 3T (2vnt.)"},"content":{"rendered":"","protected":false},"excerpt":{"rendered":"<p>Pastatomas domkratas 3T<\/p>\n<p>Keliamoji galia 3 t<br \/>\nMin auk\u0161tis 288 mm<br \/>\nMax auk\u0161tis 425 mm<br \/>\nDidesnis koj\u0173 pagrindo plotas suma\u017eina smigimo \u012f asfalt\u0105 galimyb\u0119<br \/>\nApsauginis kai\u0161tis<br \/>\nSvoris 7 kg<br \/>\nPakuot\u0117s matmenys 365 x 230 x 205 mm<\/p>\n","protected":false},"featured_media":12548,"comment_status":"open","ping_status":"closed","template":"","meta":[],"product_brand":[],"product_cat":[27],"product_tag":[285],"class_list":{"0":"post-12547","1":"product","2":"type-product","3":"status-publish","4":"has-post-thumbnail","6":"product_cat-stovai-atramos","7":"product_tag-tongrun","9":"first","10":"instock","11":"taxable","12":"shipping-taxable","13":"purchasable","14":"product-type-simple"},"_links":{"self":[{"href":"https:\/\/raktava.lt\/en\/wp-json\/wp\/v2\/product\/12547","targetHints":{"allow":["GET"]}}],"collection":[{"href":"https:\/\/raktava.lt\/en\/wp-json\/wp\/v2\/product"}],"about":[{"href":"https:\/\/raktava.lt\/en\/wp-json\/wp\/v2\/types\/product"}],"replies":[{"embeddable":true,"href":"https:\/\/raktava.lt\/en\/wp-json\/wp\/v2\/comments?post=12547"}],"version-history":[{"count":1,"href":"https:\/\/raktava.lt\/en\/wp-json\/wp\/v2\/product\/12547\/revisions"}],"predecessor-version":[{"id":12556,"href":"https:\/\/raktava.lt\/en\/wp-json\/wp\/v2\/product\/12547\/revisions\/12556"}],"wp:featuredmedia":[{"embeddable":true,"href":"https:\/\/raktava.lt\/en\/wp-json\/wp\/v2\/media\/12548"}],"wp:attachment":[{"href":"https:\/\/raktava.lt\/en\/wp-json\/wp\/v2\/media?parent=12547"}],"wp:term":[{"taxonomy":"product_brand","embeddable":true,"href":"https:\/\/raktava.lt\/en\/wp-json\/wp\/v2\/product_brand?post=12547"},{"taxonomy":"product_cat","embeddable":true,"href":"https:\/\/raktava.lt\/en\/wp-json\/wp\/v2\/product_cat?post=12547"},{"taxonomy":"product_tag","embeddable":true,"href":"https:\/\/raktava.lt\/en\/wp-json\/wp\/v2\/product_tag?post=12547"}],"curies":[{"name":"wp","href":"https:\/\/api.w.org\/{rel}","templated":true}]}}