{"id":12528,"date":"2024-07-01T12:38:39","date_gmt":"2024-07-01T09:38:39","guid":{"rendered":"https:\/\/raktava.lt\/?post_type=product&#038;p=12528"},"modified":"2025-02-25T10:45:35","modified_gmt":"2025-02-25T08:45:35","slug":"stumoklio-ziedu-ertmiu-valiklis","status":"publish","type":"product","link":"https:\/\/raktava.lt\/en\/product\/automobiliu-remonto-irankiai\/irankiai-voztuvams-cilindrams-stumokliams\/stumoklio-ziedu-ertmiu-valiklis\/","title":{"rendered":"St\u016bmoklio \u017eied\u0173 ertmi\u0173 valiklis"},"content":{"rendered":"<p><span style=\"vertical-align: inherit;\">St\u016bmoklio \u017eied\u0173 ertmi\u0173 pasirinkimas<\/span><span style=\"vertical-align: inherit;\"> :<\/span><\/p>\n<p><span style=\"vertical-align: inherit;\">A\u0161men\u0173 1 dyd\u017eiai: 1\/16&#8243;, 5\/64&#8243;, 3\/32&#8243;, 1\/8&#8243;, 5\/32&#8243;, 3\/16 <\/span><br \/>\n<span style=\"vertical-align: inherit;\">coli\u0173 a\u0161menys 2 dyd\u017eiai: 2,0 mm, 2,5 mm, 3,0 mm, 4,0 mm, 4,5 mm, 1\/4&#8243; <\/span><br \/>\n<span style=\"vertical-align: inherit;\">a\u0161menys 3 dyd\u017eiai: 1,2 mm, 1,5 mm, 1,8 mm, 2,8 mm, 5,0 mm, 5,5 mm <\/span><br \/>\n<span style=\"vertical-align: inherit;\">Pakuot\u0117 : 72 vnt \/ 28 kg \/ 3,2<\/span><\/p>\n","protected":false},"excerpt":{"rendered":"<p>St\u016bmoklio \u017eied\u0173 ertmi\u0173 valiklis<\/p>\n<p>&nbsp;<\/p>\n","protected":false},"featured_media":12529,"comment_status":"open","ping_status":"closed","template":"","meta":[],"product_brand":[],"product_cat":[107],"product_tag":[234],"class_list":{"0":"post-12528","1":"product","2":"type-product","3":"status-publish","4":"has-post-thumbnail","6":"product_cat-irankiai-voztuvams-cilindrams-stumokliams","7":"product_tag-essen-tools-vokietija","9":"first","10":"instock","11":"taxable","12":"shipping-taxable","13":"purchasable","14":"product-type-simple"},"_links":{"self":[{"href":"https:\/\/raktava.lt\/en\/wp-json\/wp\/v2\/product\/12528","targetHints":{"allow":["GET"]}}],"collection":[{"href":"https:\/\/raktava.lt\/en\/wp-json\/wp\/v2\/product"}],"about":[{"href":"https:\/\/raktava.lt\/en\/wp-json\/wp\/v2\/types\/product"}],"replies":[{"embeddable":true,"href":"https:\/\/raktava.lt\/en\/wp-json\/wp\/v2\/comments?post=12528"}],"version-history":[{"count":8,"href":"https:\/\/raktava.lt\/en\/wp-json\/wp\/v2\/product\/12528\/revisions"}],"predecessor-version":[{"id":16314,"href":"https:\/\/raktava.lt\/en\/wp-json\/wp\/v2\/product\/12528\/revisions\/16314"}],"wp:featuredmedia":[{"embeddable":true,"href":"https:\/\/raktava.lt\/en\/wp-json\/wp\/v2\/media\/12529"}],"wp:attachment":[{"href":"https:\/\/raktava.lt\/en\/wp-json\/wp\/v2\/media?parent=12528"}],"wp:term":[{"taxonomy":"product_brand","embeddable":true,"href":"https:\/\/raktava.lt\/en\/wp-json\/wp\/v2\/product_brand?post=12528"},{"taxonomy":"product_cat","embeddable":true,"href":"https:\/\/raktava.lt\/en\/wp-json\/wp\/v2\/product_cat?post=12528"},{"taxonomy":"product_tag","embeddable":true,"href":"https:\/\/raktava.lt\/en\/wp-json\/wp\/v2\/product_tag?post=12528"}],"curies":[{"name":"wp","href":"https:\/\/api.w.org\/{rel}","templated":true}]}}