{"id":12495,"date":"2024-06-27T14:46:09","date_gmt":"2024-06-27T11:46:09","guid":{"rendered":"https:\/\/raktava.lt\/?post_type=product&#038;p=12495"},"modified":"2025-05-13T09:01:45","modified_gmt":"2025-05-13T06:01:45","slug":"coliniu-galvuciu-komplektas-12-kampiu-1-2-3-8-15-16","status":"publish","type":"product","link":"https:\/\/raktava.lt\/en\/product\/rankiniai-irankiai\/galvutes-galvuciu-komplektai-laikikliai-galvutems\/1-2-galvutes-ir-ju-komplektai\/coliniu-galvuciu-komplektas-12-kampiu-1-2-3-8-15-16\/","title":{"rendered":"Colini\u0173 galvu\u010di\u0173 komplektas 12-kampi\u0173 1\/2&#8243; 3\/8&#8243;-15\/16&#8243;"},"content":{"rendered":"","protected":false},"excerpt":{"rendered":"<p>Colini\u0173 galvu\u010di\u0173 komplektas 12-kampi\u0173 1\/2&#8243; 3\/8&#8243;-15\/16&#8243;<\/p>\n","protected":false},"featured_media":12496,"comment_status":"open","ping_status":"closed","template":"","meta":[],"product_brand":[571],"product_cat":[50],"product_tag":[756,661,667],"class_list":{"0":"post-12495","1":"product","2":"type-product","3":"status-publish","4":"has-post-thumbnail","6":"product_brand-bgs-technic-germany","7":"product_cat-1-2-galvutes-ir-ju-komplektai","8":"product_tag-coliniai-irankiai","9":"product_tag-galvutes","10":"product_tag-galvutes-dvylikakampes","12":"first","13":"instock","14":"taxable","15":"shipping-taxable","16":"purchasable","17":"product-type-simple"},"_links":{"self":[{"href":"https:\/\/raktava.lt\/en\/wp-json\/wp\/v2\/product\/12495","targetHints":{"allow":["GET"]}}],"collection":[{"href":"https:\/\/raktava.lt\/en\/wp-json\/wp\/v2\/product"}],"about":[{"href":"https:\/\/raktava.lt\/en\/wp-json\/wp\/v2\/types\/product"}],"replies":[{"embeddable":true,"href":"https:\/\/raktava.lt\/en\/wp-json\/wp\/v2\/comments?post=12495"}],"version-history":[{"count":1,"href":"https:\/\/raktava.lt\/en\/wp-json\/wp\/v2\/product\/12495\/revisions"}],"predecessor-version":[{"id":12500,"href":"https:\/\/raktava.lt\/en\/wp-json\/wp\/v2\/product\/12495\/revisions\/12500"}],"wp:featuredmedia":[{"embeddable":true,"href":"https:\/\/raktava.lt\/en\/wp-json\/wp\/v2\/media\/12496"}],"wp:attachment":[{"href":"https:\/\/raktava.lt\/en\/wp-json\/wp\/v2\/media?parent=12495"}],"wp:term":[{"taxonomy":"product_brand","embeddable":true,"href":"https:\/\/raktava.lt\/en\/wp-json\/wp\/v2\/product_brand?post=12495"},{"taxonomy":"product_cat","embeddable":true,"href":"https:\/\/raktava.lt\/en\/wp-json\/wp\/v2\/product_cat?post=12495"},{"taxonomy":"product_tag","embeddable":true,"href":"https:\/\/raktava.lt\/en\/wp-json\/wp\/v2\/product_tag?post=12495"}],"curies":[{"name":"wp","href":"https:\/\/api.w.org\/{rel}","templated":true}]}}