{"id":12487,"date":"2024-06-27T14:32:32","date_gmt":"2024-06-27T11:32:32","guid":{"rendered":"https:\/\/raktava.lt\/?post_type=product&#038;p=12487"},"modified":"2025-05-23T10:01:03","modified_gmt":"2025-05-23T07:01:03","slug":"kombinuotu-raktu-su-terksle-rinkinys-8-19mm","status":"publish","type":"product","link":"https:\/\/raktava.lt\/en\/product\/rankiniai-irankiai\/verzliarakciai-verzliarakciu-komplektai\/kombinuoti-raktai-ir-ju-rinkiniai\/kombinuotu-raktu-su-terksle-rinkinys-8-19mm\/","title":{"rendered":"Kombinuot\u0173 rakt\u0173 su terk\u0161le rinkinys 8-19mm"},"content":{"rendered":"","protected":false},"excerpt":{"rendered":"<p>Kombinuot\u0173 rakt\u0173 su terk\u0161le rinkinys 8-19mm<\/p>\n<p>Dyd\u017eiai: 8, 9, 10, 11, 12, 13, 14, 15, 16, 17, 18, 19 mm<br \/>\nPoliruotu pavir\u0161iumi<\/p>\n","protected":false},"featured_media":12488,"comment_status":"open","ping_status":"closed","template":"","meta":[],"product_brand":[627],"product_cat":[105],"product_tag":[649,748],"class_list":{"0":"post-12487","1":"product","2":"type-product","3":"status-publish","4":"has-post-thumbnail","6":"product_brand-sata","7":"product_cat-kombinuoti-raktai-ir-ju-rinkiniai","8":"product_tag-verzliaraktis","9":"product_tag-verzliaraktis-su-terksle","11":"first","12":"instock","13":"taxable","14":"shipping-taxable","15":"purchasable","16":"product-type-simple"},"_links":{"self":[{"href":"https:\/\/raktava.lt\/en\/wp-json\/wp\/v2\/product\/12487","targetHints":{"allow":["GET"]}}],"collection":[{"href":"https:\/\/raktava.lt\/en\/wp-json\/wp\/v2\/product"}],"about":[{"href":"https:\/\/raktava.lt\/en\/wp-json\/wp\/v2\/types\/product"}],"replies":[{"embeddable":true,"href":"https:\/\/raktava.lt\/en\/wp-json\/wp\/v2\/comments?post=12487"}],"version-history":[{"count":1,"href":"https:\/\/raktava.lt\/en\/wp-json\/wp\/v2\/product\/12487\/revisions"}],"predecessor-version":[{"id":12490,"href":"https:\/\/raktava.lt\/en\/wp-json\/wp\/v2\/product\/12487\/revisions\/12490"}],"wp:featuredmedia":[{"embeddable":true,"href":"https:\/\/raktava.lt\/en\/wp-json\/wp\/v2\/media\/12488"}],"wp:attachment":[{"href":"https:\/\/raktava.lt\/en\/wp-json\/wp\/v2\/media?parent=12487"}],"wp:term":[{"taxonomy":"product_brand","embeddable":true,"href":"https:\/\/raktava.lt\/en\/wp-json\/wp\/v2\/product_brand?post=12487"},{"taxonomy":"product_cat","embeddable":true,"href":"https:\/\/raktava.lt\/en\/wp-json\/wp\/v2\/product_cat?post=12487"},{"taxonomy":"product_tag","embeddable":true,"href":"https:\/\/raktava.lt\/en\/wp-json\/wp\/v2\/product_tag?post=12487"}],"curies":[{"name":"wp","href":"https:\/\/api.w.org\/{rel}","templated":true}]}}