{"id":12477,"date":"2024-06-27T14:25:43","date_gmt":"2024-06-27T11:25:43","guid":{"rendered":"https:\/\/raktava.lt\/?post_type=product&#038;p=12477"},"modified":"2026-04-14T08:26:15","modified_gmt":"2026-04-14T05:26:15","slug":"kombinuotu-raktu-rinkinys-6-32mm","status":"publish","type":"product","link":"https:\/\/raktava.lt\/en\/product\/rankiniai-irankiai\/verzliarakciai-verzliarakciu-komplektai\/kombinuoti-raktai-ir-ju-rinkiniai\/kombinuotu-raktu-rinkinys-6-32mm\/","title":{"rendered":"Kombinuot\u0173 rakt\u0173 rinkinys 6-32mm"},"content":{"rendered":"<p>Pakuot\u0117s svoris: 4950 g<\/p>\n<p><img decoding=\"async\" src=\"https:\/\/vigorus.lt\/files\/piktogramos\/32.gif\" \/><\/p>\n<hr \/>\n<p><em>Nurodytos kainos galioja perkant internetu.<\/em><\/p>\n","protected":false},"excerpt":{"rendered":"<p>Kombinuot\u0173 rakt\u0173 rinkinys 6-32mm<\/p>\n<p>Komplekte esantys dyd\u017eiai: 6, 7, 8, 9, 10, 11, 12, 13, 14, 15, 16, 17, 18, 19, 20, 21, 22, 23, 24, 25, 26, 27, 28, 30, 32<\/p>\n<p>&nbsp;<\/p>\n","protected":false},"featured_media":12478,"comment_status":"open","ping_status":"closed","template":"","meta":[],"product_brand":[754],"product_cat":[105],"product_tag":[749,649],"class_list":{"0":"post-12477","1":"product","2":"type-product","3":"status-publish","4":"has-post-thumbnail","6":"product_brand-kraftmann","7":"product_cat-kombinuoti-raktai-ir-ju-rinkiniai","8":"product_tag-verzliarakciu-komplektas","9":"product_tag-verzliaraktis","11":"first","12":"instock","13":"taxable","14":"shipping-taxable","15":"purchasable","16":"product-type-simple"},"_links":{"self":[{"href":"https:\/\/raktava.lt\/en\/wp-json\/wp\/v2\/product\/12477","targetHints":{"allow":["GET"]}}],"collection":[{"href":"https:\/\/raktava.lt\/en\/wp-json\/wp\/v2\/product"}],"about":[{"href":"https:\/\/raktava.lt\/en\/wp-json\/wp\/v2\/types\/product"}],"replies":[{"embeddable":true,"href":"https:\/\/raktava.lt\/en\/wp-json\/wp\/v2\/comments?post=12477"}],"version-history":[{"count":5,"href":"https:\/\/raktava.lt\/en\/wp-json\/wp\/v2\/product\/12477\/revisions"}],"predecessor-version":[{"id":19245,"href":"https:\/\/raktava.lt\/en\/wp-json\/wp\/v2\/product\/12477\/revisions\/19245"}],"wp:featuredmedia":[{"embeddable":true,"href":"https:\/\/raktava.lt\/en\/wp-json\/wp\/v2\/media\/12478"}],"wp:attachment":[{"href":"https:\/\/raktava.lt\/en\/wp-json\/wp\/v2\/media?parent=12477"}],"wp:term":[{"taxonomy":"product_brand","embeddable":true,"href":"https:\/\/raktava.lt\/en\/wp-json\/wp\/v2\/product_brand?post=12477"},{"taxonomy":"product_cat","embeddable":true,"href":"https:\/\/raktava.lt\/en\/wp-json\/wp\/v2\/product_cat?post=12477"},{"taxonomy":"product_tag","embeddable":true,"href":"https:\/\/raktava.lt\/en\/wp-json\/wp\/v2\/product_tag?post=12477"}],"curies":[{"name":"wp","href":"https:\/\/api.w.org\/{rel}","templated":true}]}}