{"id":12470,"date":"2024-06-27T09:49:23","date_gmt":"2024-06-27T06:49:23","guid":{"rendered":"https:\/\/raktava.lt\/?post_type=product&#038;p=12470"},"modified":"2025-06-20T14:41:59","modified_gmt":"2025-06-20T11:41:59","slug":"knipex-cobra-santechnines-reples-su-fiksavimu-300mm","status":"publish","type":"product","link":"https:\/\/raktava.lt\/en\/product\/rankiniai-irankiai\/reples-repliu-komplektai-zirkles-skardai-specializuotos-reples\/santechnines-reples\/knipex-cobra-santechnines-reples-su-fiksavimu-300mm\/","title":{"rendered":"Knipex Cobra santechnin\u0117s repl\u0117s su fiksavimu 300mm"},"content":{"rendered":"","protected":false},"excerpt":{"rendered":"<p>Knipex Cobra santechnin\u0117s repl\u0117s su fiksavimu 300mm<\/p>\n","protected":false},"featured_media":12471,"comment_status":"open","ping_status":"closed","template":"","meta":[],"product_brand":[672],"product_cat":[240],"product_tag":[521,637],"class_list":{"0":"post-12470","1":"product","2":"type-product","3":"status-publish","4":"has-post-thumbnail","6":"product_brand-knipex","7":"product_cat-santechnines-reples","8":"product_tag-knipex","9":"product_tag-santechnines-reples","11":"first","12":"instock","13":"taxable","14":"shipping-taxable","15":"purchasable","16":"product-type-simple"},"_links":{"self":[{"href":"https:\/\/raktava.lt\/en\/wp-json\/wp\/v2\/product\/12470","targetHints":{"allow":["GET"]}}],"collection":[{"href":"https:\/\/raktava.lt\/en\/wp-json\/wp\/v2\/product"}],"about":[{"href":"https:\/\/raktava.lt\/en\/wp-json\/wp\/v2\/types\/product"}],"replies":[{"embeddable":true,"href":"https:\/\/raktava.lt\/en\/wp-json\/wp\/v2\/comments?post=12470"}],"version-history":[{"count":1,"href":"https:\/\/raktava.lt\/en\/wp-json\/wp\/v2\/product\/12470\/revisions"}],"predecessor-version":[{"id":12473,"href":"https:\/\/raktava.lt\/en\/wp-json\/wp\/v2\/product\/12470\/revisions\/12473"}],"wp:featuredmedia":[{"embeddable":true,"href":"https:\/\/raktava.lt\/en\/wp-json\/wp\/v2\/media\/12471"}],"wp:attachment":[{"href":"https:\/\/raktava.lt\/en\/wp-json\/wp\/v2\/media?parent=12470"}],"wp:term":[{"taxonomy":"product_brand","embeddable":true,"href":"https:\/\/raktava.lt\/en\/wp-json\/wp\/v2\/product_brand?post=12470"},{"taxonomy":"product_cat","embeddable":true,"href":"https:\/\/raktava.lt\/en\/wp-json\/wp\/v2\/product_cat?post=12470"},{"taxonomy":"product_tag","embeddable":true,"href":"https:\/\/raktava.lt\/en\/wp-json\/wp\/v2\/product_tag?post=12470"}],"curies":[{"name":"wp","href":"https:\/\/api.w.org\/{rel}","templated":true}]}}