{"id":12466,"date":"2024-06-27T09:46:28","date_gmt":"2024-06-27T06:46:28","guid":{"rendered":"https:\/\/raktava.lt\/?post_type=product&#038;p=12466"},"modified":"2025-03-20T09:53:55","modified_gmt":"2025-03-20T07:53:55","slug":"knipex-cobra-santechnines-reples-su-fiksavimu-250mm","status":"publish","type":"product","link":"https:\/\/raktava.lt\/en\/product\/rankiniai-irankiai\/reples-repliu-komplektai-zirkles-skardai-specializuotos-reples\/santechnines-reples\/knipex-cobra-santechnines-reples-su-fiksavimu-250mm\/","title":{"rendered":"Knipex Cobra santechnin\u0117s repl\u0117s su fiksavimu 250mm"},"content":{"rendered":"","protected":false},"excerpt":{"rendered":"<p>Knipex Cobra santechnin\u0117s repl\u0117s su fiksavimu 250mm<\/p>\n","protected":false},"featured_media":12467,"comment_status":"open","ping_status":"closed","template":"","meta":[],"product_brand":[672],"product_cat":[240],"product_tag":[521],"class_list":{"0":"post-12466","1":"product","2":"type-product","3":"status-publish","4":"has-post-thumbnail","6":"product_brand-knipex","7":"product_cat-santechnines-reples","8":"product_tag-knipex","10":"first","11":"instock","12":"taxable","13":"shipping-taxable","14":"purchasable","15":"product-type-simple"},"_links":{"self":[{"href":"https:\/\/raktava.lt\/en\/wp-json\/wp\/v2\/product\/12466","targetHints":{"allow":["GET"]}}],"collection":[{"href":"https:\/\/raktava.lt\/en\/wp-json\/wp\/v2\/product"}],"about":[{"href":"https:\/\/raktava.lt\/en\/wp-json\/wp\/v2\/types\/product"}],"replies":[{"embeddable":true,"href":"https:\/\/raktava.lt\/en\/wp-json\/wp\/v2\/comments?post=12466"}],"version-history":[{"count":1,"href":"https:\/\/raktava.lt\/en\/wp-json\/wp\/v2\/product\/12466\/revisions"}],"predecessor-version":[{"id":12469,"href":"https:\/\/raktava.lt\/en\/wp-json\/wp\/v2\/product\/12466\/revisions\/12469"}],"wp:featuredmedia":[{"embeddable":true,"href":"https:\/\/raktava.lt\/en\/wp-json\/wp\/v2\/media\/12467"}],"wp:attachment":[{"href":"https:\/\/raktava.lt\/en\/wp-json\/wp\/v2\/media?parent=12466"}],"wp:term":[{"taxonomy":"product_brand","embeddable":true,"href":"https:\/\/raktava.lt\/en\/wp-json\/wp\/v2\/product_brand?post=12466"},{"taxonomy":"product_cat","embeddable":true,"href":"https:\/\/raktava.lt\/en\/wp-json\/wp\/v2\/product_cat?post=12466"},{"taxonomy":"product_tag","embeddable":true,"href":"https:\/\/raktava.lt\/en\/wp-json\/wp\/v2\/product_tag?post=12466"}],"curies":[{"name":"wp","href":"https:\/\/api.w.org\/{rel}","templated":true}]}}