{"id":12450,"date":"2024-06-26T16:50:21","date_gmt":"2024-06-26T13:50:21","guid":{"rendered":"https:\/\/raktava.lt\/?post_type=product&#038;p=12450"},"modified":"2025-12-03T16:15:03","modified_gmt":"2025-12-03T14:15:03","slug":"kombinuotu-verzliarakciu-k-tas-6-32mm","status":"publish","type":"product","link":"https:\/\/raktava.lt\/en\/product\/rankiniai-irankiai\/verzliarakciai-verzliarakciu-komplektai\/kombinuoti-raktai-ir-ju-rinkiniai\/kombinuotu-verzliarakciu-k-tas-6-32mm\/","title":{"rendered":"Kombinuot\u0173 ver\u017eliarak\u010di\u0173 k-tas 6-32mm"},"content":{"rendered":"","protected":false},"excerpt":{"rendered":"<p>Kombinuot\u0173 ver\u017eliarak\u010di\u0173 k-tas 6-32mm<\/p>\n","protected":false},"featured_media":12451,"comment_status":"open","ping_status":"closed","template":"","meta":[],"product_brand":[571],"product_cat":[105],"product_tag":[649],"class_list":{"0":"post-12450","1":"product","2":"type-product","3":"status-publish","4":"has-post-thumbnail","6":"product_brand-bgs-technic-germany","7":"product_cat-kombinuoti-raktai-ir-ju-rinkiniai","8":"product_tag-verzliaraktis","10":"first","11":"instock","12":"taxable","13":"shipping-taxable","14":"purchasable","15":"product-type-simple"},"_links":{"self":[{"href":"https:\/\/raktava.lt\/en\/wp-json\/wp\/v2\/product\/12450","targetHints":{"allow":["GET"]}}],"collection":[{"href":"https:\/\/raktava.lt\/en\/wp-json\/wp\/v2\/product"}],"about":[{"href":"https:\/\/raktava.lt\/en\/wp-json\/wp\/v2\/types\/product"}],"replies":[{"embeddable":true,"href":"https:\/\/raktava.lt\/en\/wp-json\/wp\/v2\/comments?post=12450"}],"version-history":[{"count":1,"href":"https:\/\/raktava.lt\/en\/wp-json\/wp\/v2\/product\/12450\/revisions"}],"predecessor-version":[{"id":12463,"href":"https:\/\/raktava.lt\/en\/wp-json\/wp\/v2\/product\/12450\/revisions\/12463"}],"wp:featuredmedia":[{"embeddable":true,"href":"https:\/\/raktava.lt\/en\/wp-json\/wp\/v2\/media\/12451"}],"wp:attachment":[{"href":"https:\/\/raktava.lt\/en\/wp-json\/wp\/v2\/media?parent=12450"}],"wp:term":[{"taxonomy":"product_brand","embeddable":true,"href":"https:\/\/raktava.lt\/en\/wp-json\/wp\/v2\/product_brand?post=12450"},{"taxonomy":"product_cat","embeddable":true,"href":"https:\/\/raktava.lt\/en\/wp-json\/wp\/v2\/product_cat?post=12450"},{"taxonomy":"product_tag","embeddable":true,"href":"https:\/\/raktava.lt\/en\/wp-json\/wp\/v2\/product_tag?post=12450"}],"curies":[{"name":"wp","href":"https:\/\/api.w.org\/{rel}","templated":true}]}}