{"id":12444,"date":"2024-06-26T16:43:21","date_gmt":"2024-06-26T13:43:21","guid":{"rendered":"https:\/\/raktava.lt\/?post_type=product&#038;p=12444"},"modified":"2024-09-03T14:43:48","modified_gmt":"2024-09-03T11:43:48","slug":"dvigubo-ziedo-raktu-rinkinys-8-24mm","status":"publish","type":"product","link":"https:\/\/raktava.lt\/en\/product\/rankiniai-irankiai\/verzliarakciai-verzliarakciu-komplektai\/prailginti-raktai-ju-komplektai\/dvigubo-ziedo-raktu-rinkinys-8-24mm\/","title":{"rendered":"Dvigubo \u017eiedo rakt\u0173 rinkinys 8-24mm"},"content":{"rendered":"","protected":false},"excerpt":{"rendered":"<p>Dvigubo \u017eiedo rakt\u0173 rinkinys 8-24mm<\/p>\n<p>Komplekte esantys dyd\u017eiai:<\/p>\n<ul>\n<li>8X9,<\/li>\n<li>10X12,<\/li>\n<li>11X13,<\/li>\n<li>14X15,<\/li>\n<li>16X17,<\/li>\n<li>18X19,<\/li>\n<li>21X23,<\/li>\n<li>22X24mm<\/li>\n<\/ul>\n","protected":false},"featured_media":12445,"comment_status":"open","ping_status":"closed","template":"","meta":[],"product_brand":[],"product_cat":[195],"product_tag":[234],"class_list":{"0":"post-12444","1":"product","2":"type-product","3":"status-publish","4":"has-post-thumbnail","6":"product_cat-prailginti-raktai-ju-komplektai","7":"product_tag-essen-tools-vokietija","9":"first","10":"outofstock","11":"taxable","12":"shipping-taxable","13":"purchasable","14":"product-type-simple"},"_links":{"self":[{"href":"https:\/\/raktava.lt\/en\/wp-json\/wp\/v2\/product\/12444","targetHints":{"allow":["GET"]}}],"collection":[{"href":"https:\/\/raktava.lt\/en\/wp-json\/wp\/v2\/product"}],"about":[{"href":"https:\/\/raktava.lt\/en\/wp-json\/wp\/v2\/types\/product"}],"replies":[{"embeddable":true,"href":"https:\/\/raktava.lt\/en\/wp-json\/wp\/v2\/comments?post=12444"}],"version-history":[{"count":1,"href":"https:\/\/raktava.lt\/en\/wp-json\/wp\/v2\/product\/12444\/revisions"}],"predecessor-version":[{"id":12449,"href":"https:\/\/raktava.lt\/en\/wp-json\/wp\/v2\/product\/12444\/revisions\/12449"}],"wp:featuredmedia":[{"embeddable":true,"href":"https:\/\/raktava.lt\/en\/wp-json\/wp\/v2\/media\/12445"}],"wp:attachment":[{"href":"https:\/\/raktava.lt\/en\/wp-json\/wp\/v2\/media?parent=12444"}],"wp:term":[{"taxonomy":"product_brand","embeddable":true,"href":"https:\/\/raktava.lt\/en\/wp-json\/wp\/v2\/product_brand?post=12444"},{"taxonomy":"product_cat","embeddable":true,"href":"https:\/\/raktava.lt\/en\/wp-json\/wp\/v2\/product_cat?post=12444"},{"taxonomy":"product_tag","embeddable":true,"href":"https:\/\/raktava.lt\/en\/wp-json\/wp\/v2\/product_tag?post=12444"}],"curies":[{"name":"wp","href":"https:\/\/api.w.org\/{rel}","templated":true}]}}