{"id":12440,"date":"2024-06-26T16:33:39","date_gmt":"2024-06-26T13:33:39","guid":{"rendered":"https:\/\/raktava.lt\/?post_type=product&#038;p=12440"},"modified":"2024-12-04T13:04:52","modified_gmt":"2024-12-04T11:04:52","slug":"ilgas-ziedinis-verzliaraktis-21x23mm","status":"publish","type":"product","link":"https:\/\/raktava.lt\/en\/product\/rankiniai-irankiai\/verzliarakciai-verzliarakciu-komplektai\/prailginti-raktai-ju-komplektai\/ilgas-ziedinis-verzliaraktis-21x23mm\/","title":{"rendered":"Ilgas \u017eiedinis ver\u017eliaraktis 21x23mm"},"content":{"rendered":"","protected":false},"excerpt":{"rendered":"<p>Ilgas \u017eiedinis ver\u017eliaraktis 21x23mm:<\/p>\n<ul>\n<li>Ilgis: 420 mm<\/li>\n<\/ul>\n","protected":false},"featured_media":12441,"comment_status":"open","ping_status":"closed","template":"","meta":[],"product_brand":[],"product_cat":[195],"product_tag":[150],"class_list":{"0":"post-12440","1":"product","2":"type-product","3":"status-publish","4":"has-post-thumbnail","6":"product_cat-prailginti-raktai-ju-komplektai","7":"product_tag-bgs-vokietija","9":"first","10":"instock","11":"taxable","12":"shipping-taxable","13":"purchasable","14":"product-type-simple"},"_links":{"self":[{"href":"https:\/\/raktava.lt\/en\/wp-json\/wp\/v2\/product\/12440","targetHints":{"allow":["GET"]}}],"collection":[{"href":"https:\/\/raktava.lt\/en\/wp-json\/wp\/v2\/product"}],"about":[{"href":"https:\/\/raktava.lt\/en\/wp-json\/wp\/v2\/types\/product"}],"replies":[{"embeddable":true,"href":"https:\/\/raktava.lt\/en\/wp-json\/wp\/v2\/comments?post=12440"}],"version-history":[{"count":1,"href":"https:\/\/raktava.lt\/en\/wp-json\/wp\/v2\/product\/12440\/revisions"}],"predecessor-version":[{"id":12443,"href":"https:\/\/raktava.lt\/en\/wp-json\/wp\/v2\/product\/12440\/revisions\/12443"}],"wp:featuredmedia":[{"embeddable":true,"href":"https:\/\/raktava.lt\/en\/wp-json\/wp\/v2\/media\/12441"}],"wp:attachment":[{"href":"https:\/\/raktava.lt\/en\/wp-json\/wp\/v2\/media?parent=12440"}],"wp:term":[{"taxonomy":"product_brand","embeddable":true,"href":"https:\/\/raktava.lt\/en\/wp-json\/wp\/v2\/product_brand?post=12440"},{"taxonomy":"product_cat","embeddable":true,"href":"https:\/\/raktava.lt\/en\/wp-json\/wp\/v2\/product_cat?post=12440"},{"taxonomy":"product_tag","embeddable":true,"href":"https:\/\/raktava.lt\/en\/wp-json\/wp\/v2\/product_tag?post=12440"}],"curies":[{"name":"wp","href":"https:\/\/api.w.org\/{rel}","templated":true}]}}