{"id":12400,"date":"2024-06-26T13:46:50","date_gmt":"2024-06-26T10:46:50","guid":{"rendered":"https:\/\/raktava.lt\/?post_type=product&#038;p=12400"},"modified":"2025-02-28T09:48:39","modified_gmt":"2025-02-28T07:48:39","slug":"rankinis-kebulo-idubu-be-dazymo-istraukiklis-su-4-pagalvem","status":"publish","type":"product","link":"https:\/\/raktava.lt\/en\/product\/automobiliu-remonto-irankiai\/kebulo-remonto-irankiai\/rankinis-kebulo-idubu-be-dazymo-istraukiklis-su-4-pagalvem\/","title":{"rendered":"Rankinis k\u0117bulo \u012fdub\u0173 be da\u017eymo i\u0161traukiklis su 4 pagalv\u0117m"},"content":{"rendered":"","protected":false},"excerpt":{"rendered":"<p>Rankinis k\u0117bulo \u012fdub\u0173 be da\u017eymo i\u0161traukiklis su 4 pagalv\u0117m<\/p>\n","protected":false},"featured_media":12401,"comment_status":"open","ping_status":"closed","template":"","meta":[],"product_brand":[],"product_cat":[162],"product_tag":[234],"class_list":{"0":"post-12400","1":"product","2":"type-product","3":"status-publish","4":"has-post-thumbnail","6":"product_cat-kebulo-remonto-irankiai","7":"product_tag-essen-tools-vokietija","9":"first","10":"instock","11":"taxable","12":"shipping-taxable","13":"purchasable","14":"product-type-simple"},"_links":{"self":[{"href":"https:\/\/raktava.lt\/en\/wp-json\/wp\/v2\/product\/12400","targetHints":{"allow":["GET"]}}],"collection":[{"href":"https:\/\/raktava.lt\/en\/wp-json\/wp\/v2\/product"}],"about":[{"href":"https:\/\/raktava.lt\/en\/wp-json\/wp\/v2\/types\/product"}],"replies":[{"embeddable":true,"href":"https:\/\/raktava.lt\/en\/wp-json\/wp\/v2\/comments?post=12400"}],"version-history":[{"count":1,"href":"https:\/\/raktava.lt\/en\/wp-json\/wp\/v2\/product\/12400\/revisions"}],"predecessor-version":[{"id":12403,"href":"https:\/\/raktava.lt\/en\/wp-json\/wp\/v2\/product\/12400\/revisions\/12403"}],"wp:featuredmedia":[{"embeddable":true,"href":"https:\/\/raktava.lt\/en\/wp-json\/wp\/v2\/media\/12401"}],"wp:attachment":[{"href":"https:\/\/raktava.lt\/en\/wp-json\/wp\/v2\/media?parent=12400"}],"wp:term":[{"taxonomy":"product_brand","embeddable":true,"href":"https:\/\/raktava.lt\/en\/wp-json\/wp\/v2\/product_brand?post=12400"},{"taxonomy":"product_cat","embeddable":true,"href":"https:\/\/raktava.lt\/en\/wp-json\/wp\/v2\/product_cat?post=12400"},{"taxonomy":"product_tag","embeddable":true,"href":"https:\/\/raktava.lt\/en\/wp-json\/wp\/v2\/product_tag?post=12400"}],"curies":[{"name":"wp","href":"https:\/\/api.w.org\/{rel}","templated":true}]}}