{"id":12341,"date":"2024-06-21T15:39:05","date_gmt":"2024-06-21T12:39:05","guid":{"rendered":"https:\/\/raktava.lt\/?post_type=product&#038;p=12341"},"modified":"2025-10-24T13:02:41","modified_gmt":"2025-10-24T10:02:41","slug":"terksle-1-2-smulkus-dantukai","status":"publish","type":"product","link":"https:\/\/raktava.lt\/en\/product\/rankiniai-irankiai\/terksles-rankenos-slankiojancios-jungtys\/terksles-galvutems\/terksle-1-2-smulkus-dantukai\/","title":{"rendered":"Terk\u0161l\u0117 1\/2&#8243; smulk\u016bs dantukai"},"content":{"rendered":"","protected":false},"excerpt":{"rendered":"<p>Terk\u0161l\u0117 1\/2&#8243;<\/p>\n<ul>\n<li><span class=\"attr-name\">Ilgis: <\/span><span class=\"attr-value\">250 mm<\/span><\/li>\n<li><span class=\"attr-name\">Kvadratin\u0117s pavaros dydis: <\/span><span class=\"attr-value\">1\/2&#8243;<\/span><\/li>\n<li><span class=\"attr-name\">Svoris: <\/span><span class=\"attr-value\">0.588 g<\/span><\/li>\n<li>Dantukai: 72<\/li>\n<\/ul>\n","protected":false},"featured_media":12342,"comment_status":"open","ping_status":"closed","template":"","meta":[],"product_brand":[571],"product_cat":[49],"product_tag":[591,1536,666],"class_list":{"0":"post-12341","1":"product","2":"type-product","3":"status-publish","4":"has-post-thumbnail","6":"product_brand-bgs-technic-germany","7":"product_cat-terksles-galvutems","8":"product_tag-1-2","9":"product_tag-1536","10":"product_tag-terksle","12":"first","13":"instock","14":"taxable","15":"shipping-taxable","16":"purchasable","17":"product-type-simple"},"_links":{"self":[{"href":"https:\/\/raktava.lt\/en\/wp-json\/wp\/v2\/product\/12341","targetHints":{"allow":["GET"]}}],"collection":[{"href":"https:\/\/raktava.lt\/en\/wp-json\/wp\/v2\/product"}],"about":[{"href":"https:\/\/raktava.lt\/en\/wp-json\/wp\/v2\/types\/product"}],"replies":[{"embeddable":true,"href":"https:\/\/raktava.lt\/en\/wp-json\/wp\/v2\/comments?post=12341"}],"version-history":[{"count":3,"href":"https:\/\/raktava.lt\/en\/wp-json\/wp\/v2\/product\/12341\/revisions"}],"predecessor-version":[{"id":12350,"href":"https:\/\/raktava.lt\/en\/wp-json\/wp\/v2\/product\/12341\/revisions\/12350"}],"wp:featuredmedia":[{"embeddable":true,"href":"https:\/\/raktava.lt\/en\/wp-json\/wp\/v2\/media\/12342"}],"wp:attachment":[{"href":"https:\/\/raktava.lt\/en\/wp-json\/wp\/v2\/media?parent=12341"}],"wp:term":[{"taxonomy":"product_brand","embeddable":true,"href":"https:\/\/raktava.lt\/en\/wp-json\/wp\/v2\/product_brand?post=12341"},{"taxonomy":"product_cat","embeddable":true,"href":"https:\/\/raktava.lt\/en\/wp-json\/wp\/v2\/product_cat?post=12341"},{"taxonomy":"product_tag","embeddable":true,"href":"https:\/\/raktava.lt\/en\/wp-json\/wp\/v2\/product_tag?post=12341"}],"curies":[{"name":"wp","href":"https:\/\/api.w.org\/{rel}","templated":true}]}}