{"id":12334,"date":"2024-06-21T15:12:29","date_gmt":"2024-06-21T12:12:29","guid":{"rendered":"https:\/\/raktava.lt\/?post_type=product&#038;p=12334"},"modified":"2024-10-23T12:27:18","modified_gmt":"2024-10-23T09:27:18","slug":"terksle-3-8","status":"publish","type":"product","link":"https:\/\/raktava.lt\/en\/product\/rankiniai-irankiai\/terksles-rankenos-slankiojancios-jungtys\/terksles-galvutems\/terksle-3-8\/","title":{"rendered":"Terk\u0161l\u0117 3\/8&#8243;"},"content":{"rendered":"<ul class=\"attributes criteria\">\n<li><span class=\"title\">Ilgis [mm]:<\/span><span class=\"value\">185<\/span><\/li>\n<li><span class=\"title\">Kvadratin\u0117s pavaros dydis:<\/span><span class=\"value\">3\/8<\/span><\/li>\n<li><span class=\"title\">Svoris [kg]:<\/span><span class=\"value\">0.3540<\/span><\/li>\n<li><span class=\"title\">Prek\u0117s \u017eenklo klas\u0117: <\/span><span class=\"value\">Vidutin\u0117<\/span><\/li>\n<li><span class=\"attr-name\">EAN:<\/span><span class=\"attr-value\">5906083903083<\/span><\/li>\n<\/ul>\n","protected":false},"excerpt":{"rendered":"<p>Terk\u0161l\u0117 3\/8&#8243;<\/p>\n<ul>\n<li><span class=\"attr-name\">Ilgis [mm]:<\/span><span class=\"attr-value\">185<\/span><\/li>\n<li><span class=\"attr-name\">Kvadratin\u0117s pavaros dydis:<\/span><span class=\"attr-value\">3\/8<\/span><\/li>\n<li><span class=\"attr-name\">Svoris [kg]:<\/span><span class=\"attr-value\">0.3540<\/span><\/li>\n<\/ul>\n","protected":false},"featured_media":12335,"comment_status":"open","ping_status":"closed","template":"","meta":[],"product_brand":[],"product_cat":[49],"product_tag":[165],"class_list":{"0":"post-12334","1":"product","2":"type-product","3":"status-publish","4":"has-post-thumbnail","6":"product_cat-terksles-galvutems","7":"product_tag-yato","9":"first","10":"outofstock","11":"taxable","12":"shipping-taxable","13":"purchasable","14":"product-type-simple"},"_links":{"self":[{"href":"https:\/\/raktava.lt\/en\/wp-json\/wp\/v2\/product\/12334","targetHints":{"allow":["GET"]}}],"collection":[{"href":"https:\/\/raktava.lt\/en\/wp-json\/wp\/v2\/product"}],"about":[{"href":"https:\/\/raktava.lt\/en\/wp-json\/wp\/v2\/types\/product"}],"replies":[{"embeddable":true,"href":"https:\/\/raktava.lt\/en\/wp-json\/wp\/v2\/comments?post=12334"}],"version-history":[{"count":2,"href":"https:\/\/raktava.lt\/en\/wp-json\/wp\/v2\/product\/12334\/revisions"}],"predecessor-version":[{"id":12338,"href":"https:\/\/raktava.lt\/en\/wp-json\/wp\/v2\/product\/12334\/revisions\/12338"}],"wp:featuredmedia":[{"embeddable":true,"href":"https:\/\/raktava.lt\/en\/wp-json\/wp\/v2\/media\/12335"}],"wp:attachment":[{"href":"https:\/\/raktava.lt\/en\/wp-json\/wp\/v2\/media?parent=12334"}],"wp:term":[{"taxonomy":"product_brand","embeddable":true,"href":"https:\/\/raktava.lt\/en\/wp-json\/wp\/v2\/product_brand?post=12334"},{"taxonomy":"product_cat","embeddable":true,"href":"https:\/\/raktava.lt\/en\/wp-json\/wp\/v2\/product_cat?post=12334"},{"taxonomy":"product_tag","embeddable":true,"href":"https:\/\/raktava.lt\/en\/wp-json\/wp\/v2\/product_tag?post=12334"}],"curies":[{"name":"wp","href":"https:\/\/api.w.org\/{rel}","templated":true}]}}